{"id":993,"date":"2023-01-13T09:43:48","date_gmt":"2023-01-13T08:43:48","guid":{"rendered":"https:\/\/sed-interiors.com\/?page_id=993"},"modified":"2023-11-18T18:47:36","modified_gmt":"2023-11-18T17:47:36","slug":"made-to-measure-glass","status":"publish","type":"page","link":"https:\/\/sed-interiors.com\/en\/made-to-measure-glass\/","title":{"rendered":"Made-to-measure canopy"},"content":{"rendered":"<div id=\"fws_69fdd97604aeb\"  data-column-margin=\"default\" data-midnight=\"light\" data-top-percent=\"12%\" data-bottom-percent=\"6%\"  class=\"wpb_row vc_row-fluid vc_row full-width-content vc_row-o-equal-height vc_row-flex vc_row-o-content-top parallax_section zindex-set mobile-disable-bg-image-animation right_padding_4pct left_padding_4pct nectar-overflow-hidden top_padding_phone_25pct right_padding_phone_1pct left_padding_phone_1pct\"  style=\"padding-top: calc(100vw * 0.12); padding-bottom: calc(100vw * 0.06);  z-index: 100;\"><div class=\"row-bg-wrap\" data-bg-animation=\"fade-in\" data-bg-animation-delay=\"\" data-bg-overlay=\"true\"><div class=\"inner-wrap row-bg-layer using-image\" style=\"background-color: #2b323a;\" ><div class=\"row-bg viewport-desktop using-image using-bg-color\" data-parallax-speed=\"fast\" style=\"background-image: url(https:\/\/sed-interiors.com\/wp-content\/uploads\/2023\/01\/Verriere-image-de-garde.jpg); background-position: center center; background-repeat: no-repeat; background-color: #2b323a; \"><\/div><\/div><div class=\"row-bg-overlay row-bg-layer\" style=\"background-color:rgba(0,0,0,0.78);  opacity: 0.5; \"><\/div><\/div><div class=\"row_col_wrap_12 col span_12 light left\">\n\t<div  class=\"vc_col-sm-12 wpb_column column_container vc_column_container col no-extra-padding column_position_static el_spacing_0px inherit_tablet inherit_phone\"  data-padding-pos=\"top-bottom\" data-has-bg-color=\"false\" data-bg-color=\"\" data-bg-opacity=\"1\" data-animation=\"\" data-delay=\"0\" >\n\t\t<div class=\"vc_column-inner\" >\n\t\t\t<div class=\"wpb_wrapper\">\n\t\t\t\t<div id=\"fws_69fdd97605747\" data-midnight=\"\" data-column-margin=\"none\" class=\"wpb_row vc_row-fluid vc_row inner_row  right_padding_13vw left_padding_13vw\"  style=\" z-index: 10;\"><div class=\"row-bg-wrap\"> <div class=\"row-bg\" ><\/div> <\/div><div class=\"row_col_wrap_12_inner col span_12  left\">\n\t<div  class=\"vc_col-sm-12 wpb_column column_container vc_column_container col child_column centered-text no-extra-padding inherit_tablet inherit_phone\"   data-padding-pos=\"all\" data-has-bg-color=\"false\" data-bg-color=\"\" data-bg-opacity=\"1\" data-animation=\"\" data-delay=\"0\" >\n\t\t<div class=\"vc_column-inner\" >\n\t\t<div class=\"wpb_wrapper\">\n\t\t\t<div class=\"nectar-split-heading  font_size_4vw font_size_tablet_10vw font_size_phone_8vw font_line_height_1-2\" data-align=\"default\" data-m-align=\"inherit\" data-text-effect=\"default\" data-animation-type=\"default\" data-animation-delay=\"150\" data-animation-offset=\"\" data-m-rm-animation=\"\" data-stagger=\"\" data-custom-font-size=\"true\" style=\"font-size: 4vw; line-height: 4.4vw;\"><div class=\"heading-line\" > <div><h1>A made-to-measure glass roof<\/h1> <\/div> <\/div><div class=\"heading-line\" > <div><h1>design and trend<\/h1> <\/div> <\/div><\/div>\n\t\t<\/div> \n\t<\/div>\n\t<\/div> \n<\/div><\/div>\n\t\t\t<\/div> \n\t\t<\/div>\n\t<\/div> \n<\/div><\/div>\n\t\t<div id=\"team\"  data-column-margin=\"default\" data-midnight=\"dark\" data-top-percent=\"5%\" data-bottom-percent=\"5%\"  class=\"wpb_row vc_row-fluid vc_row full-width-content has-row-bg-color vc_row-o-equal-height vc_row-flex vc_row-o-content-middle  right_padding_6pct left_padding_6pct top_padding_tablet_10pct bottom_padding_tablet_10pct\"  style=\"padding-top: calc(100vw * 0.05); padding-bottom: calc(100vw * 0.05); --row-bg-color: #212529;\"><div class=\"row-bg-wrap\" data-bg-animation=\"none\" data-bg-animation-delay=\"\" data-bg-overlay=\"false\"><div class=\"inner-wrap row-bg-layer\" ><div class=\"row-bg viewport-desktop using-bg-color\"  style=\"background-color: #212529; \"><\/div><\/div><\/div><div class=\"row_col_wrap_12 col span_12 dark left\">\n\t<div style=\" color: #ffffff;\" class=\"vc_col-sm-6 wpb_column column_container vc_column_container col centered-text has-animation padding-3-percent force-desktop-text-align-left inherit_tablet inherit_phone\" data-cfc=\"true\"  data-padding-pos=\"right\" data-has-bg-color=\"false\" data-bg-color=\"\" data-bg-opacity=\"1\" data-animation=\"fade-in-from-bottom\" data-delay=\"0\" >\n\t\t<div class=\"vc_column-inner\" >\n\t\t\t<div class=\"wpb_wrapper\">\n\t\t\t\t<div class=\"nectar-split-heading  font_size_3vw\" data-align=\"default\" data-m-align=\"inherit\" data-text-effect=\"default\" data-animation-type=\"default\" data-animation-delay=\"0\" data-animation-offset=\"\" data-m-rm-animation=\"\" data-stagger=\"\" data-custom-font-size=\"true\" style=\"font-size: 3vw; line-height: 3.3vw;\"><div class=\"heading-line\" > <div><h2>Custom glass roofs at the heart of decorating trends<\/h2> <\/div> <\/div><\/div>\n<div class=\"wpb_text_column wpb_content_element\" >\n\t<p>When it comes to interior design, a custom glass roof is a must. <a href=\"https:\/\/sed-interiors.com\/en\/cooking-trend\/\">trend<\/a> of the moment. Functional, it delimits spaces between the living room, kitchen and dining room, for example. You can also use a modern glass panel as a shower enclosure. In the master bedroom, living room or office, installing a made-to-measure glass panel will undoubtedly add a great deal of aesthetic appeal to your interior.<\/p>\n<p>Because every home is unique, our skylight models are 100 % customizable to fit any environment.<\/p>\n<\/div>\n\n\n\n\n\t\t\t<\/div> \n\t\t<\/div>\n\t<\/div> \n\n\t<div  class=\"vc_col-sm-6 wpb_column column_container vc_column_container col centered-text no-extra-padding el_spacing_0px top_margin_phone_50px no-extra-padding_tablet no-extra-padding_phone\"  data-padding-pos=\"left\" data-has-bg-color=\"false\" data-bg-color=\"\" data-bg-opacity=\"1\" data-animation=\"\" data-delay=\"0\" >\n\t\t<div class=\"vc_column-inner\" >\n\t\t\t<div class=\"wpb_wrapper\">\n\t\t\t\t\n\t<div class=\"wpb_video_widget wpb_content_element vc_clearfix   vc_video-aspect-ratio-169 vc_video-el-width-100 vc_video-align-left\" >\n\t\t<div class=\"wpb_wrapper\">\n\t\t\t\n\t\t\t<div class=\"wpb_video_wrapper\"><iframe loading=\"lazy\" title=\"Aluminium canopy kit by SIFISA\" width=\"500\" height=\"281\" src=\"https:\/\/www.youtube.com\/embed\/0IzAYOmRrN4?feature=oembed\" frameborder=\"0\" allow=\"accelerometer; autoplay; clipboard-write; encrypted-media; gyroscope; picture-in-picture; web-share\" referrerpolicy=\"strict-origin-when-cross-origin\" allowfullscreen><\/iframe><\/div>\n\t\t<\/div>\n\t<\/div>\n<a class=\"nectar-button large regular accent-color  regular-button\"  role=\"button\" style=\"margin-top: 30px; margin-right: 10px; margin-bottom: 10px; margin-left: 10px;\"  href=\"\/en\/nos-realisations\/\" data-color-override=\"false\" data-hover-color-override=\"false\" data-hover-text-color-override=\"#fff\"><span>Discover our achievements<\/span><\/a>\n\t\t\t<\/div> \n\t\t<\/div>\n\t<\/div> \n<\/div><\/div>\n\t\t<div id=\"team\"  data-column-margin=\"default\" data-midnight=\"dark\" data-top-percent=\"5%\" data-bottom-percent=\"5%\"  class=\"wpb_row vc_row-fluid vc_row full-width-section has-row-bg-color vc_row-o-equal-height vc_row-flex vc_row-o-content-middle  right_padding_6pct left_padding_6pct top_padding_tablet_10pct bottom_padding_tablet_10pct\"  style=\"padding-top: calc(100vw * 0.05); padding-bottom: calc(100vw * 0.05); --row-bg-color: #ebe5df;\"><div class=\"row-bg-wrap\" data-bg-animation=\"none\" data-bg-animation-delay=\"\" data-bg-overlay=\"false\"><div class=\"inner-wrap row-bg-layer\" ><div class=\"row-bg viewport-desktop using-bg-color\"  style=\"background-color: #ebe5df; \"><\/div><\/div><\/div><div class=\"row_col_wrap_12 col span_12 dark left\">\n\t<div  class=\"vc_col-sm-4 wpb_column column_container vc_column_container col centered-text no-extra-padding force-desktop-text-align-center el_spacing_0px no-extra-padding_tablet no-extra-padding_phone\"  data-padding-pos=\"right\" data-has-bg-color=\"false\" data-bg-color=\"\" data-bg-opacity=\"1\" data-animation=\"\" data-delay=\"0\" >\n\t\t<div class=\"vc_column-inner\" >\n\t\t\t<div class=\"wpb_wrapper\">\n\t\t\t\t<div class=\"img-with-aniamtion-wrap\" data-max-width=\"100%\" data-max-width-mobile=\"default\" data-shadow=\"none\" data-animation=\"none\" >\n      <div class=\"inner\">\n        <div class=\"hover-wrap\"> \n          <div class=\"hover-wrap-inner\">\n            <img loading=\"lazy\" decoding=\"async\" class=\"img-with-animation skip-lazy\" data-delay=\"0\" height=\"1500\" width=\"2000\" data-animation=\"none\" src=\"https:\/\/sed-interiors.com\/wp-content\/uploads\/2021\/11\/CUISNE-MELAMINE-BOIS-PT-COMPACT-verriere.jpg\" alt=\"Fitted kitchen with melamine finish and granite worktop with glass roof overlooking the living room\" srcset=\"https:\/\/sed-interiors.com\/wp-content\/uploads\/2021\/11\/CUISNE-MELAMINE-BOIS-PT-COMPACT-verriere.jpg 2000w, https:\/\/sed-interiors.com\/wp-content\/uploads\/2021\/11\/CUISNE-MELAMINE-BOIS-PT-COMPACT-verriere-300x225.jpg 300w, https:\/\/sed-interiors.com\/wp-content\/uploads\/2021\/11\/CUISNE-MELAMINE-BOIS-PT-COMPACT-verriere-1024x768.jpg 1024w, https:\/\/sed-interiors.com\/wp-content\/uploads\/2021\/11\/CUISNE-MELAMINE-BOIS-PT-COMPACT-verriere-768x576.jpg 768w, https:\/\/sed-interiors.com\/wp-content\/uploads\/2021\/11\/CUISNE-MELAMINE-BOIS-PT-COMPACT-verriere-1536x1152.jpg 1536w\" sizes=\"auto, (max-width: 2000px) 100vw, 2000px\" \/>\n          <\/div>\n        <\/div>\n        \n      <\/div>\n    <\/div><div class=\"img-with-aniamtion-wrap center custom-width-300px\" data-max-width=\"custom\" data-max-width-mobile=\"default\" data-shadow=\"none\" data-animation=\"none\" >\n      <div class=\"inner\">\n        <div class=\"hover-wrap\"> \n          <div class=\"hover-wrap-inner\">\n            <img loading=\"lazy\" decoding=\"async\" class=\"img-with-animation skip-lazy\" data-delay=\"0\" height=\"101\" width=\"196\" data-animation=\"none\" src=\"https:\/\/sed-interiors.com\/wp-content\/uploads\/2023\/01\/logo-sifisa.png\" alt=\"sifisa logo\"  \/>\n          <\/div>\n        <\/div>\n        \n      <\/div>\n    <\/div>\n\t\t\t<\/div> \n\t\t<\/div>\n\t<\/div> \n\n\t<div  class=\"vc_col-sm-8 wpb_column column_container vc_column_container col centered-text has-animation no-extra-padding force-desktop-text-align-left inherit_tablet inherit_phone\"  data-padding-pos=\"all\" data-has-bg-color=\"false\" data-bg-color=\"\" data-bg-opacity=\"1\" data-animation=\"fade-in-from-bottom\" data-delay=\"0\" >\n\t\t<div class=\"vc_column-inner\" >\n\t\t\t<div class=\"wpb_wrapper\">\n\t\t\t\t<div class=\"nectar-split-heading  font_size_3vw\" data-align=\"default\" data-m-align=\"inherit\" data-text-effect=\"default\" data-animation-type=\"default\" data-animation-delay=\"0\" data-animation-offset=\"\" data-m-rm-animation=\"\" data-stagger=\"\" data-custom-font-size=\"true\" style=\"font-size: 3vw; line-height: 3.3vw;\"><div class=\"heading-line\" > <div><h2>Why install a glass roof in your home?<\/h2> <\/div> <\/div><\/div>\n<div class=\"wpb_text_column wpb_content_element\" >\n\t<p>- Bring light into your home<br \/>\n- Add a touch of modernity to your room<br \/>\n- Dividing a room in two<br \/>\n- Partitioning a small space<br \/>\n- See what's outside thanks to a veranda glass roof<\/p>\n<p>&nbsp;<\/p>\n<h2>A quality made-to-measure glass roof<\/h2>\n<p>For the design of your custom glass roof, <a href=\"https:\/\/sed-interiors.com\/en\/a-propos\/\">Sed'Interiors<\/a> works with French manufacturer Sifisa.<\/p>\n<p>Because every project is unique, our painted aluminum skylight models can be adapted to suit your interior. Depending on your needs, we offer intelligent solutions to improve your daily life. To divide a room in two, opt for an artist's studio-style glass roof. A glass door or sliding glass roof is ideal for separating the kitchen from the living room.<\/p>\n<p>Trust Sed'Interiors to design your custom glass roof. After a first contact with our team, we'll help you choose the support, glass and tint.<\/p>\n<p>A custom glass roof project?<\/p>\n<\/div>\n\n\n\n<div class=\"nectar-cta  alignment_tablet_default alignment_phone_default display_tablet_inherit display_phone_inherit\" data-color=\"accent-color\" data-using-bg=\"true\" data-style=\"see-through\" data-display=\"block\" data-alignment=\"left\" data-text-color=\"std\" style=\"margin-top: 50px; margin-bottom: 50px;  --nectar-button-color: var(--nectar-accent-color); --nectar-icon-gap: 10px; \"><h6> <span class=\"text\"> <\/span><span class=\"link_wrap\" style=\"padding-top: 15px; padding-right: 40px; padding-bottom: 15px; padding-left: 40px;\"><a  class=\"link_text\" role=\"button\" href=\"\">Make an appointment<span class=\"arrow\"><\/span><\/a><\/span><\/h6><\/div>\n\t\t\t<\/div> \n\t\t<\/div>\n\t<\/div> \n<\/div><\/div>","protected":false},"excerpt":{"rendered":"Une verri\u00e8re sur mesure design et tendance La verri\u00e8re sur mesure au c\u0153ur des tendances d\u00e9co En mati\u00e8re de d\u00e9coration d\u2019int\u00e9rieur, la verri\u00e8re sur mesure s\u2019impose comme la grande tendance...","protected":false},"author":1,"featured_media":0,"parent":0,"menu_order":0,"comment_status":"closed","ping_status":"closed","template":"","meta":{"_joinchat":[],"footnotes":""},"class_list":["post-993","page","type-page","status-publish"],"yoast_head":"<!-- This site is optimized with the Yoast SEO plugin v26.8 - https:\/\/yoast.com\/product\/yoast-seo-wordpress\/ -->\n<title>Verri\u00e8re sur mesure Annemasse - Haute-Savoie | Sed&#039;Interiors<\/title>\n<meta name=\"description\" content=\"Conception de votre verri\u00e8re sur mesure \u00e0 Annemasse et dans toute la Haute-Savoie (74). Belles prestations et service de grande qualit\u00e9.\" \/>\n<meta name=\"robots\" content=\"index, follow, max-snippet:-1, max-image-preview:large, max-video-preview:-1\" \/>\n<link rel=\"canonical\" href=\"https:\/\/sed-interiors.com\/en\/made-to-measure-glass\/\" \/>\n<meta property=\"og:locale\" content=\"en_US\" \/>\n<meta property=\"og:type\" content=\"article\" \/>\n<meta property=\"og:title\" content=\"Verri\u00e8re sur mesure Annemasse - Haute-Savoie | Sed&#039;Interiors\" \/>\n<meta property=\"og:description\" content=\"Conception de votre verri\u00e8re sur mesure \u00e0 Annemasse et dans toute la Haute-Savoie (74). Belles prestations et service de grande qualit\u00e9.\" \/>\n<meta property=\"og:url\" content=\"https:\/\/sed-interiors.com\/en\/made-to-measure-glass\/\" \/>\n<meta property=\"og:site_name\" content=\"Sed&#039;Interiors\" \/>\n<meta property=\"article:publisher\" content=\"https:\/\/www.facebook.com\/sebastien.deguilly\" \/>\n<meta property=\"article:modified_time\" content=\"2023-11-18T17:47:36+00:00\" \/>\n<meta name=\"twitter:card\" content=\"summary_large_image\" \/>\n<meta name=\"twitter:label1\" content=\"Est. reading time\" \/>\n\t<meta name=\"twitter:data1\" content=\"4 minutes\" \/>\n<script type=\"application\/ld+json\" class=\"yoast-schema-graph\">{\"@context\":\"https:\/\/schema.org\",\"@graph\":[{\"@type\":\"WebPage\",\"@id\":\"https:\/\/sed-interiors.com\/verriere-sur-mesure\/\",\"url\":\"https:\/\/sed-interiors.com\/verriere-sur-mesure\/\",\"name\":\"Verri\u00e8re sur mesure Annemasse - Haute-Savoie | Sed'Interiors\",\"isPartOf\":{\"@id\":\"https:\/\/sed-interiors.com\/#website\"},\"datePublished\":\"2023-01-13T08:43:48+00:00\",\"dateModified\":\"2023-11-18T17:47:36+00:00\",\"description\":\"Conception de votre verri\u00e8re sur mesure \u00e0 Annemasse et dans toute la Haute-Savoie (74). Belles prestations et service de grande qualit\u00e9.\",\"breadcrumb\":{\"@id\":\"https:\/\/sed-interiors.com\/verriere-sur-mesure\/#breadcrumb\"},\"inLanguage\":\"en-US\",\"potentialAction\":[{\"@type\":\"ReadAction\",\"target\":[\"https:\/\/sed-interiors.com\/verriere-sur-mesure\/\"]}]},{\"@type\":\"BreadcrumbList\",\"@id\":\"https:\/\/sed-interiors.com\/verriere-sur-mesure\/#breadcrumb\",\"itemListElement\":[{\"@type\":\"ListItem\",\"position\":1,\"name\":\"Accueil\",\"item\":\"https:\/\/sed-interiors.com\/\"},{\"@type\":\"ListItem\",\"position\":2,\"name\":\"Verri\u00e8re sur mesure\"}]},{\"@type\":\"WebSite\",\"@id\":\"https:\/\/sed-interiors.com\/#website\",\"url\":\"https:\/\/sed-interiors.com\/\",\"name\":\"Sed'Interiors\",\"description\":\"Cuisines &amp; am\u00e9nagements\",\"publisher\":{\"@id\":\"https:\/\/sed-interiors.com\/#organization\"},\"potentialAction\":[{\"@type\":\"SearchAction\",\"target\":{\"@type\":\"EntryPoint\",\"urlTemplate\":\"https:\/\/sed-interiors.com\/?s={search_term_string}\"},\"query-input\":{\"@type\":\"PropertyValueSpecification\",\"valueRequired\":true,\"valueName\":\"search_term_string\"}}],\"inLanguage\":\"en-US\"},{\"@type\":\"Organization\",\"@id\":\"https:\/\/sed-interiors.com\/#organization\",\"name\":\"Sed'Interiors\",\"url\":\"https:\/\/sed-interiors.com\/\",\"logo\":{\"@type\":\"ImageObject\",\"inLanguage\":\"en-US\",\"@id\":\"https:\/\/sed-interiors.com\/#\/schema\/logo\/image\/\",\"url\":\"https:\/\/sed-interiors.com\/wp-content\/uploads\/2022\/11\/LogoSedInteriors-Gris-retina.png\",\"contentUrl\":\"https:\/\/sed-interiors.com\/wp-content\/uploads\/2022\/11\/LogoSedInteriors-Gris-retina.png\",\"width\":600,\"height\":161,\"caption\":\"Sed'Interiors\"},\"image\":{\"@id\":\"https:\/\/sed-interiors.com\/#\/schema\/logo\/image\/\"},\"sameAs\":[\"https:\/\/www.facebook.com\/sebastien.deguilly\",\"https:\/\/www.instagram.com\/sedinteriors\/\"]}]}<\/script>\n<!-- \/ Yoast SEO plugin. -->","yoast_head_json":{"title":"Custom glass roof Annemasse - Haute-Savoie | Sed'Interiors","description":"Custom glass roof design in Annemasse and throughout Haute-Savoie (74). High-quality performance and service.","robots":{"index":"index","follow":"follow","max-snippet":"max-snippet:-1","max-image-preview":"max-image-preview:large","max-video-preview":"max-video-preview:-1"},"canonical":"https:\/\/sed-interiors.com\/en\/made-to-measure-glass\/","og_locale":"en_US","og_type":"article","og_title":"Verri\u00e8re sur mesure Annemasse - Haute-Savoie | Sed'Interiors","og_description":"Conception de votre verri\u00e8re sur mesure \u00e0 Annemasse et dans toute la Haute-Savoie (74). Belles prestations et service de grande qualit\u00e9.","og_url":"https:\/\/sed-interiors.com\/en\/made-to-measure-glass\/","og_site_name":"Sed&#039;Interiors","article_publisher":"https:\/\/www.facebook.com\/sebastien.deguilly","article_modified_time":"2023-11-18T17:47:36+00:00","twitter_card":"summary_large_image","twitter_misc":{"Est. reading time":"4 minutes"},"schema":{"@context":"https:\/\/schema.org","@graph":[{"@type":"WebPage","@id":"https:\/\/sed-interiors.com\/verriere-sur-mesure\/","url":"https:\/\/sed-interiors.com\/verriere-sur-mesure\/","name":"Custom glass roof Annemasse - Haute-Savoie | Sed'Interiors","isPartOf":{"@id":"https:\/\/sed-interiors.com\/#website"},"datePublished":"2023-01-13T08:43:48+00:00","dateModified":"2023-11-18T17:47:36+00:00","description":"Custom glass roof design in Annemasse and throughout Haute-Savoie (74). High-quality performance and service.","breadcrumb":{"@id":"https:\/\/sed-interiors.com\/verriere-sur-mesure\/#breadcrumb"},"inLanguage":"en-US","potentialAction":[{"@type":"ReadAction","target":["https:\/\/sed-interiors.com\/verriere-sur-mesure\/"]}]},{"@type":"BreadcrumbList","@id":"https:\/\/sed-interiors.com\/verriere-sur-mesure\/#breadcrumb","itemListElement":[{"@type":"ListItem","position":1,"name":"Accueil","item":"https:\/\/sed-interiors.com\/"},{"@type":"ListItem","position":2,"name":"Verri\u00e8re sur mesure"}]},{"@type":"WebSite","@id":"https:\/\/sed-interiors.com\/#website","url":"https:\/\/sed-interiors.com\/","name":"Sed'Interiors","description":"Kitchens &amp; fittings","publisher":{"@id":"https:\/\/sed-interiors.com\/#organization"},"potentialAction":[{"@type":"SearchAction","target":{"@type":"EntryPoint","urlTemplate":"https:\/\/sed-interiors.com\/?s={search_term_string}"},"query-input":{"@type":"PropertyValueSpecification","valueRequired":true,"valueName":"search_term_string"}}],"inLanguage":"en-US"},{"@type":"Organization","@id":"https:\/\/sed-interiors.com\/#organization","name":"Sed'Interiors","url":"https:\/\/sed-interiors.com\/","logo":{"@type":"ImageObject","inLanguage":"en-US","@id":"https:\/\/sed-interiors.com\/#\/schema\/logo\/image\/","url":"https:\/\/sed-interiors.com\/wp-content\/uploads\/2022\/11\/LogoSedInteriors-Gris-retina.png","contentUrl":"https:\/\/sed-interiors.com\/wp-content\/uploads\/2022\/11\/LogoSedInteriors-Gris-retina.png","width":600,"height":161,"caption":"Sed'Interiors"},"image":{"@id":"https:\/\/sed-interiors.com\/#\/schema\/logo\/image\/"},"sameAs":["https:\/\/www.facebook.com\/sebastien.deguilly","https:\/\/www.instagram.com\/sedinteriors\/"]}]}},"_links":{"self":[{"href":"https:\/\/sed-interiors.com\/en\/wp-json\/wp\/v2\/pages\/993","targetHints":{"allow":["GET"]}}],"collection":[{"href":"https:\/\/sed-interiors.com\/en\/wp-json\/wp\/v2\/pages"}],"about":[{"href":"https:\/\/sed-interiors.com\/en\/wp-json\/wp\/v2\/types\/page"}],"author":[{"embeddable":true,"href":"https:\/\/sed-interiors.com\/en\/wp-json\/wp\/v2\/users\/1"}],"replies":[{"embeddable":true,"href":"https:\/\/sed-interiors.com\/en\/wp-json\/wp\/v2\/comments?post=993"}],"version-history":[{"count":16,"href":"https:\/\/sed-interiors.com\/en\/wp-json\/wp\/v2\/pages\/993\/revisions"}],"predecessor-version":[{"id":1880,"href":"https:\/\/sed-interiors.com\/en\/wp-json\/wp\/v2\/pages\/993\/revisions\/1880"}],"wp:attachment":[{"href":"https:\/\/sed-interiors.com\/en\/wp-json\/wp\/v2\/media?parent=993"}],"curies":[{"name":"wp","href":"https:\/\/api.w.org\/{rel}","templated":true}]}}