{"id":2554,"date":"2026-03-12T10:23:05","date_gmt":"2026-03-12T09:23:05","guid":{"rendered":"https:\/\/sed-interiors.com\/?page_id=2554"},"modified":"2026-03-12T10:38:25","modified_gmt":"2026-03-12T09:38:25","slug":"politique-de-cookies","status":"publish","type":"page","link":"https:\/\/sed-interiors.com\/en\/politique-de-cookies\/","title":{"rendered":"Politique de cookies"},"content":{"rendered":"<div id=\"fws_69ef6e5f79839\"  data-column-margin=\"default\" data-midnight=\"dark\" data-top-percent=\"6%\" data-bottom-percent=\"6%\"  class=\"wpb_row vc_row-fluid vc_row full-width-section has-row-bg-color  right_padding_10pct left_padding_10pct\"  style=\"padding-top: calc(100vw * 0.06); padding-bottom: calc(100vw * 0.06); --row-bg-color: #212529;\"><div class=\"row-bg-wrap\" data-bg-animation=\"none\" data-bg-animation-delay=\"\" data-bg-overlay=\"false\"><div class=\"inner-wrap row-bg-layer\" ><div class=\"row-bg viewport-desktop using-bg-color\"  style=\"background-color: #212529; \"><\/div><\/div><\/div><div class=\"row_col_wrap_12 col span_12 dark left\">\n\t<div style=\" color: #ffffff;\" class=\"vc_col-sm-12 wpb_column column_container vc_column_container col no-extra-padding inherit_tablet inherit_phone flex_gap_desktop_10px\" data-cfc=\"true\"  data-padding-pos=\"all\" data-has-bg-color=\"false\" data-bg-color=\"\" data-bg-opacity=\"1\" data-animation=\"\" data-delay=\"0\" >\n\t\t<div class=\"vc_column-inner\" >\n\t\t\t<div class=\"wpb_wrapper\">\n\t\t\t\t\n<div class=\"wpb_text_column wpb_content_element\" >\n\t<h1 style=\"text-align: center;\">Politique de cookies<\/h1>\n<h3><\/h3>\n<h2>QUE SONT LES COOKIES ?<\/h2>\n<p style=\"font-weight: 400;\">Cette Politique de Cookies explique ce que sont les cookies et comment nous les utilisons, les types de cookies que nous utilisons, c\u2019est-\u00e0-dire les informations que nous collectons \u00e0 l\u2019aide des cookies et comment ces informations sont utilis\u00e9es, ainsi que la mani\u00e8re de g\u00e9rer les param\u00e8tres des cookies.<\/p>\n<p style=\"font-weight: 400;\">Les cookies sont de petits fichiers texte utilis\u00e9s pour stocker de petites informations. Ils sont stock\u00e9s sur votre appareil lorsque le site web est charg\u00e9 sur votre navigateur. Ces cookies nous aident \u00e0 faire fonctionner le site web correctement, le rendre plus s\u00e9curis\u00e9, offrir une meilleure exp\u00e9rience utilisateur, comprendre comment le site web fonctionne et analyser ce qui fonctionne et o\u00f9 il a besoin d\u2019am\u00e9liorations.<\/p>\n<p style=\"font-weight: 400;\">\n<h2>COMMENT UTILISONS-NOUS LES COOKIES ?<\/h2>\n<p style=\"font-weight: 400;\">Comme la plupart des services en ligne, notre site web utilise des cookies de premi\u00e8re partie et des cookies tiers pour plusieurs raisons. Les cookies de premi\u00e8re partie sont principalement n\u00e9cessaires pour le bon fonctionnement du site web et ne collectent aucune de vos donn\u00e9es personnellement identifiables.<\/p>\n<p style=\"font-weight: 400;\">Les cookies tiers utilis\u00e9s sur notre site web sont principalement destin\u00e9s \u00e0 comprendre comment le site web fonctionne, comment vous interagissez avec notre site web, maintenir nos services s\u00e9curis\u00e9s, fournir des publicit\u00e9s pertinentes pour vous, et en g\u00e9n\u00e9ral, vous offrir une meilleure exp\u00e9rience utilisateur am\u00e9lior\u00e9e et aider \u00e0 acc\u00e9l\u00e9rer vos futures interactions avec notre site web.<\/p>\n<p style=\"font-weight: 400;\">\n<h2>TYPES DE COOKIES QUE NOUS UTILISONS<\/h2>\n<div class=\"cky-audit-table-element\"><\/div>\n<p>&nbsp;<\/p>\n<h2>G\u00c9RER LES PR\u00c9F\u00c9RENCES DE COOKIES<\/h2>\n<p style=\"font-weight: 400;\">L\u2019Utilisateur exprime son consentement \u00e0 la collecte des cookies au moyen des boutons \u00e0 cet effet apparaissant lorsqu\u2019il se connecte sur le Site Internet.<\/p>\n<p><a class=\"cky-banner-element\">Param\u00e8tres des Cookies<\/a><\/p>\n<p style=\"font-weight: 400;\">Vous pouvez modifier vos pr\u00e9f\u00e9rences de cookies \u00e0 tout moment en cliquant sur le lien ci-dessus. Cela vous permettra de revenir \u00e0 la banni\u00e8re de consentement des cookies et de modifier vos pr\u00e9f\u00e9rences ou de retirer votre consentement imm\u00e9diatement.<\/p>\n<p style=\"font-weight: 400;\">Afin que l\u2019Utilisateur puisse naviguer librement sur le Site et utiliser l\u2019ensemble de ses fonctionnalit\u00e9s, certains cookies sont strictement n\u00e9cessaires et leur refus est susceptible d\u2019alt\u00e9rer l\u2019utilisation et la navigation sur le Site.<\/p>\n<p style=\"font-weight: 400;\">En outre, diff\u00e9rents navigateurs fournissent diff\u00e9rentes m\u00e9thodes pour bloquer et supprimer les cookies utilis\u00e9s par les sites web. Vous pouvez modifier les param\u00e8tres de votre navigateur pour bloquer\/supprimer les cookies. Vous trouverez ci-dessous les liens vers les documents de support sur la gestion et la suppression des cookies des principaux navigateurs web.<\/p>\n<p style=\"font-weight: 400;\">Chrome :\u00a0<a href=\"https:\/\/support.google.com\/accounts\/answer\/32050\">https:\/\/support.google.com\/accounts\/answer\/32050<\/a><\/p>\n<p style=\"font-weight: 400;\">Safari :\u00a0<a href=\"https:\/\/support.apple.com\/en-in\/guide\/safari\/sfri11471\/mac\">https:\/\/support.apple.com\/en-in\/guide\/safari\/sfri11471\/mac<\/a><\/p>\n<p style=\"font-weight: 400;\">Firefox :\u00a0<a href=\"https:\/\/support.mozilla.org\/en-US\/kb\/clear-cookies-and-site-data-firefox?redirectslug=delete-cookies-remove-info-websites-stored&amp;redirectlocale=en-US\">https:\/\/support.mozilla.org\/en-US\/kb\/clear-cookies-and-site-data-firefox?redirectslug=delete-cookies-remove-info-websites-stored&amp;redirectlocale=en-US<\/a><\/p>\n<p style=\"font-weight: 400;\">Internet Explorer :\u00a0<a href=\"https:\/\/support.microsoft.com\/en-us\/topic\/how-to-delete-cookie-files-in-internet-explorer-bca9446f-d873-78de-77ba-d42645fa52fc\">https:\/\/support.microsoft.com\/en-us\/topic\/how-to-delete-cookie-files-in-internet-explorer-bca9446f-d873-78de-77ba-d42645fa52fc<\/a><\/p>\n<p style=\"font-weight: 400;\">Si vous utilisez un autre navigateur web, veuillez consulter les documents de support officiels de votre navigateur.<\/p>\n<\/div>\n\n\n\n\n\t\t\t<\/div> \n\t\t<\/div>\n\t<\/div> \n<\/div><\/div>","protected":false},"excerpt":{"rendered":"Politique de cookies QUE SONT LES COOKIES ? Cette Politique de Cookies explique ce que sont les cookies et comment nous les utilisons, les types de cookies que nous utilisons,...","protected":false},"author":1,"featured_media":0,"parent":0,"menu_order":0,"comment_status":"closed","ping_status":"open","template":"","meta":{"_joinchat":[],"footnotes":""},"class_list":["post-2554","page","type-page","status-publish"],"yoast_head":"<!-- This site is optimized with the Yoast SEO plugin v26.8 - https:\/\/yoast.com\/product\/yoast-seo-wordpress\/ -->\n<title>Politique de cookies - Sed&#039;Interiors<\/title>\n<meta name=\"robots\" content=\"index, follow, max-snippet:-1, max-image-preview:large, max-video-preview:-1\" \/>\n<link rel=\"canonical\" href=\"https:\/\/sed-interiors.com\/en\/politique-de-cookies\/\" \/>\n<meta property=\"og:locale\" content=\"en_US\" \/>\n<meta property=\"og:type\" content=\"article\" \/>\n<meta property=\"og:title\" content=\"Politique de cookies - Sed&#039;Interiors\" \/>\n<meta property=\"og:url\" content=\"https:\/\/sed-interiors.com\/en\/politique-de-cookies\/\" \/>\n<meta property=\"og:site_name\" content=\"Sed&#039;Interiors\" \/>\n<meta property=\"article:publisher\" content=\"https:\/\/www.facebook.com\/sebastien.deguilly\" \/>\n<meta property=\"article:modified_time\" content=\"2026-03-12T09:38:25+00:00\" \/>\n<meta name=\"twitter:card\" content=\"summary_large_image\" \/>\n<meta name=\"twitter:label1\" content=\"Est. reading time\" \/>\n\t<meta name=\"twitter:data1\" content=\"5 minutes\" \/>\n<script type=\"application\/ld+json\" class=\"yoast-schema-graph\">{\"@context\":\"https:\/\/schema.org\",\"@graph\":[{\"@type\":\"WebPage\",\"@id\":\"https:\/\/sed-interiors.com\/politique-de-cookies\/\",\"url\":\"https:\/\/sed-interiors.com\/politique-de-cookies\/\",\"name\":\"Politique de cookies - Sed&#039;Interiors\",\"isPartOf\":{\"@id\":\"https:\/\/sed-interiors.com\/#website\"},\"datePublished\":\"2026-03-12T09:23:05+00:00\",\"dateModified\":\"2026-03-12T09:38:25+00:00\",\"breadcrumb\":{\"@id\":\"https:\/\/sed-interiors.com\/politique-de-cookies\/#breadcrumb\"},\"inLanguage\":\"en-US\",\"potentialAction\":[{\"@type\":\"ReadAction\",\"target\":[\"https:\/\/sed-interiors.com\/politique-de-cookies\/\"]}]},{\"@type\":\"BreadcrumbList\",\"@id\":\"https:\/\/sed-interiors.com\/politique-de-cookies\/#breadcrumb\",\"itemListElement\":[{\"@type\":\"ListItem\",\"position\":1,\"name\":\"Accueil\",\"item\":\"https:\/\/sed-interiors.com\/\"},{\"@type\":\"ListItem\",\"position\":2,\"name\":\"Politique de cookies\"}]},{\"@type\":\"WebSite\",\"@id\":\"https:\/\/sed-interiors.com\/#website\",\"url\":\"https:\/\/sed-interiors.com\/\",\"name\":\"Sed'Interiors\",\"description\":\"Cuisines &amp; am\u00e9nagements\",\"publisher\":{\"@id\":\"https:\/\/sed-interiors.com\/#organization\"},\"potentialAction\":[{\"@type\":\"SearchAction\",\"target\":{\"@type\":\"EntryPoint\",\"urlTemplate\":\"https:\/\/sed-interiors.com\/?s={search_term_string}\"},\"query-input\":{\"@type\":\"PropertyValueSpecification\",\"valueRequired\":true,\"valueName\":\"search_term_string\"}}],\"inLanguage\":\"en-US\"},{\"@type\":\"Organization\",\"@id\":\"https:\/\/sed-interiors.com\/#organization\",\"name\":\"Sed'Interiors\",\"url\":\"https:\/\/sed-interiors.com\/\",\"logo\":{\"@type\":\"ImageObject\",\"inLanguage\":\"en-US\",\"@id\":\"https:\/\/sed-interiors.com\/#\/schema\/logo\/image\/\",\"url\":\"https:\/\/sed-interiors.com\/wp-content\/uploads\/2022\/11\/LogoSedInteriors-Gris-retina.png\",\"contentUrl\":\"https:\/\/sed-interiors.com\/wp-content\/uploads\/2022\/11\/LogoSedInteriors-Gris-retina.png\",\"width\":600,\"height\":161,\"caption\":\"Sed'Interiors\"},\"image\":{\"@id\":\"https:\/\/sed-interiors.com\/#\/schema\/logo\/image\/\"},\"sameAs\":[\"https:\/\/www.facebook.com\/sebastien.deguilly\",\"https:\/\/www.instagram.com\/sedinteriors\/\"]}]}<\/script>\n<!-- \/ Yoast SEO plugin. -->","yoast_head_json":{"title":"Politique de cookies - Sed&#039;Interiors","robots":{"index":"index","follow":"follow","max-snippet":"max-snippet:-1","max-image-preview":"max-image-preview:large","max-video-preview":"max-video-preview:-1"},"canonical":"https:\/\/sed-interiors.com\/en\/politique-de-cookies\/","og_locale":"en_US","og_type":"article","og_title":"Politique de cookies - Sed&#039;Interiors","og_url":"https:\/\/sed-interiors.com\/en\/politique-de-cookies\/","og_site_name":"Sed&#039;Interiors","article_publisher":"https:\/\/www.facebook.com\/sebastien.deguilly","article_modified_time":"2026-03-12T09:38:25+00:00","twitter_card":"summary_large_image","twitter_misc":{"Est. reading time":"5 minutes"},"schema":{"@context":"https:\/\/schema.org","@graph":[{"@type":"WebPage","@id":"https:\/\/sed-interiors.com\/politique-de-cookies\/","url":"https:\/\/sed-interiors.com\/politique-de-cookies\/","name":"Politique de cookies - Sed&#039;Interiors","isPartOf":{"@id":"https:\/\/sed-interiors.com\/#website"},"datePublished":"2026-03-12T09:23:05+00:00","dateModified":"2026-03-12T09:38:25+00:00","breadcrumb":{"@id":"https:\/\/sed-interiors.com\/politique-de-cookies\/#breadcrumb"},"inLanguage":"en-US","potentialAction":[{"@type":"ReadAction","target":["https:\/\/sed-interiors.com\/politique-de-cookies\/"]}]},{"@type":"BreadcrumbList","@id":"https:\/\/sed-interiors.com\/politique-de-cookies\/#breadcrumb","itemListElement":[{"@type":"ListItem","position":1,"name":"Accueil","item":"https:\/\/sed-interiors.com\/"},{"@type":"ListItem","position":2,"name":"Politique de cookies"}]},{"@type":"WebSite","@id":"https:\/\/sed-interiors.com\/#website","url":"https:\/\/sed-interiors.com\/","name":"Sed'Interiors","description":"Kitchens &amp; fittings","publisher":{"@id":"https:\/\/sed-interiors.com\/#organization"},"potentialAction":[{"@type":"SearchAction","target":{"@type":"EntryPoint","urlTemplate":"https:\/\/sed-interiors.com\/?s={search_term_string}"},"query-input":{"@type":"PropertyValueSpecification","valueRequired":true,"valueName":"search_term_string"}}],"inLanguage":"en-US"},{"@type":"Organization","@id":"https:\/\/sed-interiors.com\/#organization","name":"Sed'Interiors","url":"https:\/\/sed-interiors.com\/","logo":{"@type":"ImageObject","inLanguage":"en-US","@id":"https:\/\/sed-interiors.com\/#\/schema\/logo\/image\/","url":"https:\/\/sed-interiors.com\/wp-content\/uploads\/2022\/11\/LogoSedInteriors-Gris-retina.png","contentUrl":"https:\/\/sed-interiors.com\/wp-content\/uploads\/2022\/11\/LogoSedInteriors-Gris-retina.png","width":600,"height":161,"caption":"Sed'Interiors"},"image":{"@id":"https:\/\/sed-interiors.com\/#\/schema\/logo\/image\/"},"sameAs":["https:\/\/www.facebook.com\/sebastien.deguilly","https:\/\/www.instagram.com\/sedinteriors\/"]}]}},"_links":{"self":[{"href":"https:\/\/sed-interiors.com\/en\/wp-json\/wp\/v2\/pages\/2554","targetHints":{"allow":["GET"]}}],"collection":[{"href":"https:\/\/sed-interiors.com\/en\/wp-json\/wp\/v2\/pages"}],"about":[{"href":"https:\/\/sed-interiors.com\/en\/wp-json\/wp\/v2\/types\/page"}],"author":[{"embeddable":true,"href":"https:\/\/sed-interiors.com\/en\/wp-json\/wp\/v2\/users\/1"}],"replies":[{"embeddable":true,"href":"https:\/\/sed-interiors.com\/en\/wp-json\/wp\/v2\/comments?post=2554"}],"version-history":[{"count":2,"href":"https:\/\/sed-interiors.com\/en\/wp-json\/wp\/v2\/pages\/2554\/revisions"}],"predecessor-version":[{"id":2565,"href":"https:\/\/sed-interiors.com\/en\/wp-json\/wp\/v2\/pages\/2554\/revisions\/2565"}],"wp:attachment":[{"href":"https:\/\/sed-interiors.com\/en\/wp-json\/wp\/v2\/media?parent=2554"}],"curies":[{"name":"wp","href":"https:\/\/api.w.org\/{rel}","templated":true}]}}