{"id":2018,"date":"2024-03-05T16:47:01","date_gmt":"2024-03-05T15:47:01","guid":{"rendered":"https:\/\/sed-interiors.com\/?page_id=2018"},"modified":"2024-06-20T18:15:48","modified_gmt":"2024-06-20T16:15:48","slug":"thank-you","status":"publish","type":"page","link":"https:\/\/sed-interiors.com\/en\/thank-you\/","title":{"rendered":"Thank you for your message"},"content":{"rendered":"<div id=\"fws_69fde2b950886\"  data-column-margin=\"default\" data-midnight=\"dark\" data-top-percent=\"18%\" data-bottom-percent=\"8%\"  class=\"wpb_row vc_row-fluid vc_row full-width-section  zindex-set\"  style=\"padding-top: calc(100vw * 0.18); padding-bottom: calc(100vw * 0.08);  z-index: 100;\"><div class=\"row-bg-wrap\" data-bg-animation=\"none\" data-bg-animation-delay=\"\" data-bg-overlay=\"true\"><div class=\"inner-wrap row-bg-layer using-image\" ><div class=\"row-bg viewport-desktop using-image\"  style=\"background-image: url(https:\/\/sed-interiors.com\/wp-content\/uploads\/2022\/11\/1_PURE_GLAM-1920x780-1.jpg); background-position: center center; background-repeat: no-repeat; \"><\/div><\/div><div class=\"row-bg-overlay row-bg-layer\" style=\"background-color:#212529;  opacity: 0.8; \"><\/div><\/div><div class=\"row_col_wrap_12 col span_12 dark left\">\n\t<div  class=\"vc_col-sm-2 wpb_column column_container vc_column_container col no-extra-padding inherit_tablet inherit_phone\"  data-padding-pos=\"all\" data-has-bg-color=\"false\" data-bg-color=\"\" data-bg-opacity=\"1\" data-animation=\"\" data-delay=\"0\" >\n\t\t<div class=\"vc_column-inner\" >\n\t\t\t<div class=\"wpb_wrapper\">\n\t\t\t\t\n\t\t\t<\/div> \n\t\t<\/div>\n\t<\/div> \n\n\t<div  class=\"vc_col-sm-8 wpb_column column_container vc_column_container col no-extra-padding inherit_tablet inherit_phone\"  data-padding-pos=\"all\" data-has-bg-color=\"false\" data-bg-color=\"\" data-bg-opacity=\"1\" data-animation=\"\" data-delay=\"0\" >\n\t\t<div class=\"vc_column-inner\" >\n\t\t\t<div class=\"wpb_wrapper\">\n\t\t\t\t<div id=\"fws_69fde2b951c5f\" data-midnight=\"\" data-column-margin=\"default\" class=\"wpb_row vc_row-fluid vc_row inner_row\"  style=\"\"><div class=\"row-bg-wrap\"> <div class=\"row-bg\" ><\/div> <\/div><div class=\"row_col_wrap_12_inner col span_12  left\">\n\t<div style=\"\" class=\"vc_col-sm-12 wpb_column column_container vc_column_container col child_column has-animation padding-6-percent bottom_margin_tablet_0px inherit_tablet padding-1-percent_phone\"  data-using-bg=\"true\" data-shadow=\"x_large_depth\" data-border-radius=\"10px\" data-padding-pos=\"all\" data-has-bg-color=\"true\" data-bg-color=\"#ebe5df\" data-bg-opacity=\"1\" data-animation=\"grow-in\" data-delay=\"0\" >\n\t\t<div class=\"vc_column-inner\" ><div class=\"column-bg-overlay-wrap column-bg-layer\" data-bg-animation=\"none\"><div class=\"column-bg-overlay\" style=\"opacity: 1; background-color: #ebe5df;\"><\/div><\/div>\n\t\t<div class=\"wpb_wrapper\">\n\t\t\t\n<div class=\"wpb_text_column wpb_content_element\" >\n\t<h2 style=\"text-align: center;\">Merci, votre message a bien \u00e9t\u00e9 envoy\u00e9 !<\/h2>\n<h3 style=\"text-align: center;\">Nous vous r\u00e9pondrons dans les meilleurs d\u00e9lais<\/h3>\n<\/div>\n\n\n\n\n\t\t<\/div> \n\t<\/div>\n\t<\/div> \n<\/div><\/div>\n\t\t\t<\/div> \n\t\t<\/div>\n\t<\/div> \n\n\t<div  class=\"vc_col-sm-2 wpb_column column_container vc_column_container col no-extra-padding inherit_tablet inherit_phone\"  data-padding-pos=\"all\" data-has-bg-color=\"false\" data-bg-color=\"\" data-bg-opacity=\"1\" data-animation=\"\" data-delay=\"0\" >\n\t\t<div class=\"vc_column-inner\" >\n\t\t\t<div class=\"wpb_wrapper\">\n\t\t\t\t\n\t\t\t<\/div> \n\t\t<\/div>\n\t<\/div> \n<\/div><\/div>","protected":false},"excerpt":{"rendered":"Merci, votre message a bien \u00e9t\u00e9 envoy\u00e9 ! Nous vous r\u00e9pondrons dans les meilleurs d\u00e9lais","protected":false},"author":1,"featured_media":0,"parent":0,"menu_order":0,"comment_status":"closed","ping_status":"closed","template":"","meta":{"_joinchat":[],"footnotes":""},"class_list":["post-2018","page","type-page","status-publish"],"yoast_head":"<!-- This site is optimized with the Yoast SEO plugin v26.8 - https:\/\/yoast.com\/product\/yoast-seo-wordpress\/ -->\n<title>Merci pour votre message - Sed&#039;Interiors<\/title>\n<meta name=\"robots\" content=\"index, follow, max-snippet:-1, max-image-preview:large, max-video-preview:-1\" \/>\n<link rel=\"canonical\" href=\"https:\/\/sed-interiors.com\/en\/thank-you\/\" \/>\n<meta property=\"og:locale\" content=\"en_US\" \/>\n<meta property=\"og:type\" content=\"article\" \/>\n<meta property=\"og:title\" content=\"Merci pour votre message - Sed&#039;Interiors\" \/>\n<meta property=\"og:url\" content=\"https:\/\/sed-interiors.com\/en\/thank-you\/\" \/>\n<meta property=\"og:site_name\" content=\"Sed&#039;Interiors\" \/>\n<meta property=\"article:publisher\" content=\"https:\/\/www.facebook.com\/sebastien.deguilly\" \/>\n<meta property=\"article:modified_time\" content=\"2024-06-20T16:15:48+00:00\" \/>\n<meta name=\"twitter:card\" content=\"summary_large_image\" \/>\n<meta name=\"twitter:label1\" content=\"Est. reading time\" \/>\n\t<meta name=\"twitter:data1\" content=\"1 minute\" \/>\n<script type=\"application\/ld+json\" class=\"yoast-schema-graph\">{\"@context\":\"https:\/\/schema.org\",\"@graph\":[{\"@type\":\"WebPage\",\"@id\":\"https:\/\/sed-interiors.com\/merci\/\",\"url\":\"https:\/\/sed-interiors.com\/merci\/\",\"name\":\"Merci pour votre message - Sed&#039;Interiors\",\"isPartOf\":{\"@id\":\"https:\/\/sed-interiors.com\/#website\"},\"datePublished\":\"2024-03-05T15:47:01+00:00\",\"dateModified\":\"2024-06-20T16:15:48+00:00\",\"breadcrumb\":{\"@id\":\"https:\/\/sed-interiors.com\/merci\/#breadcrumb\"},\"inLanguage\":\"en-US\",\"potentialAction\":[{\"@type\":\"ReadAction\",\"target\":[\"https:\/\/sed-interiors.com\/merci\/\"]}]},{\"@type\":\"BreadcrumbList\",\"@id\":\"https:\/\/sed-interiors.com\/merci\/#breadcrumb\",\"itemListElement\":[{\"@type\":\"ListItem\",\"position\":1,\"name\":\"Accueil\",\"item\":\"https:\/\/sed-interiors.com\/\"},{\"@type\":\"ListItem\",\"position\":2,\"name\":\"Merci pour votre message\"}]},{\"@type\":\"WebSite\",\"@id\":\"https:\/\/sed-interiors.com\/#website\",\"url\":\"https:\/\/sed-interiors.com\/\",\"name\":\"Sed'Interiors\",\"description\":\"Cuisines &amp; am\u00e9nagements\",\"publisher\":{\"@id\":\"https:\/\/sed-interiors.com\/#organization\"},\"potentialAction\":[{\"@type\":\"SearchAction\",\"target\":{\"@type\":\"EntryPoint\",\"urlTemplate\":\"https:\/\/sed-interiors.com\/?s={search_term_string}\"},\"query-input\":{\"@type\":\"PropertyValueSpecification\",\"valueRequired\":true,\"valueName\":\"search_term_string\"}}],\"inLanguage\":\"en-US\"},{\"@type\":\"Organization\",\"@id\":\"https:\/\/sed-interiors.com\/#organization\",\"name\":\"Sed'Interiors\",\"url\":\"https:\/\/sed-interiors.com\/\",\"logo\":{\"@type\":\"ImageObject\",\"inLanguage\":\"en-US\",\"@id\":\"https:\/\/sed-interiors.com\/#\/schema\/logo\/image\/\",\"url\":\"https:\/\/sed-interiors.com\/wp-content\/uploads\/2022\/11\/LogoSedInteriors-Gris-retina.png\",\"contentUrl\":\"https:\/\/sed-interiors.com\/wp-content\/uploads\/2022\/11\/LogoSedInteriors-Gris-retina.png\",\"width\":600,\"height\":161,\"caption\":\"Sed'Interiors\"},\"image\":{\"@id\":\"https:\/\/sed-interiors.com\/#\/schema\/logo\/image\/\"},\"sameAs\":[\"https:\/\/www.facebook.com\/sebastien.deguilly\",\"https:\/\/www.instagram.com\/sedinteriors\/\"]}]}<\/script>\n<!-- \/ Yoast SEO plugin. -->","yoast_head_json":{"title":"Thank you for your message - Sed'Interiors","robots":{"index":"index","follow":"follow","max-snippet":"max-snippet:-1","max-image-preview":"max-image-preview:large","max-video-preview":"max-video-preview:-1"},"canonical":"https:\/\/sed-interiors.com\/en\/thank-you\/","og_locale":"en_US","og_type":"article","og_title":"Merci pour votre message - Sed&#039;Interiors","og_url":"https:\/\/sed-interiors.com\/en\/thank-you\/","og_site_name":"Sed&#039;Interiors","article_publisher":"https:\/\/www.facebook.com\/sebastien.deguilly","article_modified_time":"2024-06-20T16:15:48+00:00","twitter_card":"summary_large_image","twitter_misc":{"Est. reading time":"1 minute"},"schema":{"@context":"https:\/\/schema.org","@graph":[{"@type":"WebPage","@id":"https:\/\/sed-interiors.com\/merci\/","url":"https:\/\/sed-interiors.com\/merci\/","name":"Thank you for your message - Sed'Interiors","isPartOf":{"@id":"https:\/\/sed-interiors.com\/#website"},"datePublished":"2024-03-05T15:47:01+00:00","dateModified":"2024-06-20T16:15:48+00:00","breadcrumb":{"@id":"https:\/\/sed-interiors.com\/merci\/#breadcrumb"},"inLanguage":"en-US","potentialAction":[{"@type":"ReadAction","target":["https:\/\/sed-interiors.com\/merci\/"]}]},{"@type":"BreadcrumbList","@id":"https:\/\/sed-interiors.com\/merci\/#breadcrumb","itemListElement":[{"@type":"ListItem","position":1,"name":"Accueil","item":"https:\/\/sed-interiors.com\/"},{"@type":"ListItem","position":2,"name":"Merci pour votre message"}]},{"@type":"WebSite","@id":"https:\/\/sed-interiors.com\/#website","url":"https:\/\/sed-interiors.com\/","name":"Sed'Interiors","description":"Kitchens &amp; fittings","publisher":{"@id":"https:\/\/sed-interiors.com\/#organization"},"potentialAction":[{"@type":"SearchAction","target":{"@type":"EntryPoint","urlTemplate":"https:\/\/sed-interiors.com\/?s={search_term_string}"},"query-input":{"@type":"PropertyValueSpecification","valueRequired":true,"valueName":"search_term_string"}}],"inLanguage":"en-US"},{"@type":"Organization","@id":"https:\/\/sed-interiors.com\/#organization","name":"Sed'Interiors","url":"https:\/\/sed-interiors.com\/","logo":{"@type":"ImageObject","inLanguage":"en-US","@id":"https:\/\/sed-interiors.com\/#\/schema\/logo\/image\/","url":"https:\/\/sed-interiors.com\/wp-content\/uploads\/2022\/11\/LogoSedInteriors-Gris-retina.png","contentUrl":"https:\/\/sed-interiors.com\/wp-content\/uploads\/2022\/11\/LogoSedInteriors-Gris-retina.png","width":600,"height":161,"caption":"Sed'Interiors"},"image":{"@id":"https:\/\/sed-interiors.com\/#\/schema\/logo\/image\/"},"sameAs":["https:\/\/www.facebook.com\/sebastien.deguilly","https:\/\/www.instagram.com\/sedinteriors\/"]}]}},"_links":{"self":[{"href":"https:\/\/sed-interiors.com\/en\/wp-json\/wp\/v2\/pages\/2018","targetHints":{"allow":["GET"]}}],"collection":[{"href":"https:\/\/sed-interiors.com\/en\/wp-json\/wp\/v2\/pages"}],"about":[{"href":"https:\/\/sed-interiors.com\/en\/wp-json\/wp\/v2\/types\/page"}],"author":[{"embeddable":true,"href":"https:\/\/sed-interiors.com\/en\/wp-json\/wp\/v2\/users\/1"}],"replies":[{"embeddable":true,"href":"https:\/\/sed-interiors.com\/en\/wp-json\/wp\/v2\/comments?post=2018"}],"version-history":[{"count":2,"href":"https:\/\/sed-interiors.com\/en\/wp-json\/wp\/v2\/pages\/2018\/revisions"}],"predecessor-version":[{"id":2079,"href":"https:\/\/sed-interiors.com\/en\/wp-json\/wp\/v2\/pages\/2018\/revisions\/2079"}],"wp:attachment":[{"href":"https:\/\/sed-interiors.com\/en\/wp-json\/wp\/v2\/media?parent=2018"}],"curies":[{"name":"wp","href":"https:\/\/api.w.org\/{rel}","templated":true}]}}