{"id":1560,"date":"2023-05-12T15:27:30","date_gmt":"2023-05-12T13:27:30","guid":{"rendered":"https:\/\/sed-interiors.com\/?page_id=1560"},"modified":"2023-06-12T16:31:41","modified_gmt":"2023-06-12T14:31:41","slug":"kitchen-blog","status":"publish","type":"page","link":"https:\/\/sed-interiors.com\/en\/kitchen-blog\/","title":{"rendered":"Blog"},"content":{"rendered":"<div id=\"fws_69fdda69669a1\"  data-column-margin=\"default\" data-midnight=\"light\" data-top-percent=\"12%\" data-bottom-percent=\"6%\"  class=\"wpb_row vc_row-fluid vc_row full-width-content vc_row-o-equal-height vc_row-flex vc_row-o-content-top parallax_section zindex-set mobile-disable-bg-image-animation right_padding_4pct left_padding_4pct nectar-overflow-hidden top_padding_phone_25pct right_padding_phone_1pct left_padding_phone_1pct\"  style=\"padding-top: calc(100vw * 0.12); padding-bottom: calc(100vw * 0.06);  z-index: 100;\"><div class=\"row-bg-wrap\" data-bg-animation=\"fade-in\" data-bg-animation-delay=\"\" data-bg-overlay=\"true\"><div class=\"inner-wrap row-bg-layer using-image\" style=\"background-color: #2b323a;\" ><div class=\"row-bg viewport-desktop using-image using-bg-color\" data-parallax-speed=\"fast\" style=\"background-image: url(https:\/\/sed-interiors.com\/wp-content\/uploads\/2023\/03\/IMG_11511-scaled.jpg); background-position: center center; background-repeat: no-repeat; background-color: #2b323a; \"><\/div><\/div><div class=\"row-bg-overlay row-bg-layer\" style=\"background-color:rgba(0,0,0,0.78);  opacity: 0.5; \"><\/div><\/div><div class=\"row_col_wrap_12 col span_12 light left\">\n\t<div  class=\"vc_col-sm-12 wpb_column column_container vc_column_container col no-extra-padding column_position_static el_spacing_0px inherit_tablet inherit_phone\"  data-padding-pos=\"top-bottom\" data-has-bg-color=\"false\" data-bg-color=\"\" data-bg-opacity=\"1\" data-animation=\"\" data-delay=\"0\" >\n\t\t<div class=\"vc_column-inner\" >\n\t\t\t<div class=\"wpb_wrapper\">\n\t\t\t\t<div id=\"fws_69fdda696729b\" data-midnight=\"\" data-column-margin=\"none\" class=\"wpb_row vc_row-fluid vc_row inner_row  right_padding_13vw left_padding_13vw\"  style=\" z-index: 10;\"><div class=\"row-bg-wrap\"> <div class=\"row-bg\" ><\/div> <\/div><div class=\"row_col_wrap_12_inner col span_12  left\">\n\t<div  class=\"vc_col-sm-12 wpb_column column_container vc_column_container col child_column centered-text no-extra-padding inherit_tablet inherit_phone\"   data-padding-pos=\"all\" data-has-bg-color=\"false\" data-bg-color=\"\" data-bg-opacity=\"1\" data-animation=\"\" data-delay=\"0\" >\n\t\t<div class=\"vc_column-inner\" >\n\t\t<div class=\"wpb_wrapper\">\n\t\t\t<div class=\"nectar-split-heading  font_size_4vw font_size_tablet_10vw font_size_phone_8vw font_line_height_1-2\" data-align=\"left\" data-m-align=\"inherit\" data-text-effect=\"letter-reveal-bottom\" data-animation-type=\"line-reveal-by-space\" data-animation-delay=\"150\" data-animation-offset=\"\" data-m-rm-animation=\"true\" data-stagger=\"true\" data-custom-font-size=\"true\" style=\"font-size: 4vw; line-height: 4.4vw;\"><h1 >Our trendy blog<\/h1><\/div>\n\t\t<\/div> \n\t<\/div>\n\t<\/div> \n<\/div><\/div>\n\t\t\t<\/div> \n\t\t<\/div>\n\t<\/div> \n<\/div><\/div>\n\t\t<div id=\"fws_69fdda6967d92\"  data-column-margin=\"default\" data-midnight=\"dark\" data-top-percent=\"6%\" data-bottom-percent=\"6%\"  class=\"wpb_row vc_row-fluid vc_row full-width-section has-row-bg-color vc_row-o-equal-height vc_row-flex vc_row-o-content-middle  reverse_columns_column_tablet reverse_columns_column_phone right_padding_tablet_8pct left_padding_tablet_8pct\"  style=\"padding-top: calc(100vw * 0.06); padding-bottom: calc(100vw * 0.06); --row-bg-color: #212529;\"><div class=\"row-bg-wrap\" data-bg-animation=\"none\" data-bg-animation-delay=\"\" data-bg-overlay=\"false\"><div class=\"inner-wrap row-bg-layer\" ><div class=\"row-bg viewport-desktop using-bg-color\"  style=\"background-color: #212529; \"><\/div><\/div><\/div><div class=\"row_col_wrap_12 col span_12 dark left\">\n\t<div  class=\"vc_col-sm-12 wpb_column column_container vc_column_container col no-extra-padding el_spacing_0px inherit_tablet inherit_phone\"  data-padding-pos=\"all\" data-has-bg-color=\"false\" data-bg-color=\"\" data-bg-opacity=\"1\" data-animation=\"\" data-delay=\"0\" >\n\t\t<div class=\"vc_column-inner\" >\n\t\t\t<div class=\"wpb_wrapper\">\n\t\t\t\t<div class='nectar-post-grid-wrap text-color-light spacing-15px' data-el-settings='{\"post_type\":\"post\",\"pagination\":\"none\",\"image_size\":\"large\",\"parallax_scrolling\":\"\",\"aspect_ratio_image_size\":\"\",\"category_position\":\"default\",\"category_display\":\"default\",\"display_categories\":\"0\",\"display_excerpt\":\"0\",\"excerpt_length\":\"20\",\"content_next_to_image_excerpt_pos\":\"default\",\"display_date\":\"0\",\"display_estimated_reading_time\":\"0\",\"display_author\":\"0\",\"author_functionality\":\"default\",\"author_position\":\"default\",\"color_overlay\":\"\",\"color_overlay_opacity\":\"0.1\",\"color_overlay_hover_opacity\":\"0.4\",\"card_bg_color\":\"\",\"grid_style\":\"content_overlaid\",\"hover_effect\":\"slow_zoom\",\"post_title_overlay\":\"\",\"heading_tag\":\"default\",\"heading_tag_render\":\"default\",\"enable_gallery_lightbox\":\"0\",\"remove_links\":\"0\",\"category_style\":\"underline\",\"overlay_secondary_project_image\":\"\",\"vertical_list_hover_effect\":\"none\",\"vertical_list_read_more\":\"\",\"vertical_list_read_more_style\":\"text\",\"read_more_button\":\"0\",\"animation\":\"none\",\"custom_fields\":\"\",\"custom_fields_location\":\"\",\"display_type\":\"grid\",\"text_content_layout\":\"all_bottom_left_shadow\"}' data-style='content_overlaid' data-query='{\"post_type\":\"post\",\"posts_per_page\":\"-1\",\"order\":\"DESC\",\"orderby\":\"date\",\"offset\":\"0\",\"cpt_name\":\"post\",\"custom_query_tax\":\"\",\"ignore_sticky_posts\":\"\",\"exclude_current_post\":\"\"}' data-load-more-color='black' data-load-more-text='Load More'><div class=\"nectar-post-grid-filters\" data-active-color=\"default\" data-align=\"default\" data-animation=\"none\" data-sortable=\"\"><div><a href=\"#\" class=\"active  all-filter\" data-total-count=\"7\" data-filter=\"-1\">All<\/a><a href=\"#\" data-filter=\"cuisine-sur-mesure\" data-total-count=\"7\">Custom kitchens<\/a><a href=\"#\" data-filter=\"non-classe\" data-total-count=\"0\">Uncategorized<\/a><\/div><\/div><div class=\"nectar-post-grid text-opacity-1 text-opacity-hover-1 category-position-before-title\" data-indicator=\"yes\" data-indicator-style=\"default\" data-indicator-text-color=\"#fff\" data-indicator-color=\"#000000\" data-indicator-text=\"Read\" data-masonry=\"yes\" data-columns=\"3\" data-hover-effect=\"slow_zoom\" data-text-style=\"default\" data-border-radius=\"none\" data-grid-item-height=\"50vh\" data-grid-spacing=\"15px\" data-text-layout=\"all_bottom_left_shadow\" data-text-color=\"light\" data-text-hover-color=\"light\" data-shadow-hover=\"\" data-animation=\"none\" data-animation-stagger=\"90\" data-cat-click=\"default\" ><div class=\"nectar-post-grid-item\" data-post-id=\"2237\" data-has-img=\"true\"> <div class=\"inner\"><div class=\"nectar-post-grid-item-bg-wrap\"><div class=\"nectar-post-grid-item-bg-wrap-inner\"><div class=\"nectar-post-grid-item-bg\"><img loading=\"lazy\" decoding=\"async\" class=\"nectar-lazy skip-lazy nectar-post-grid-item-bg__media\" src=\"data:image\/svg+xml;charset=utf-8,%3Csvg%20xmlns%3D'http%3A%2F%2Fwww.w3.org%2F2000%2Fsvg'%20viewBox%3D'0%200%201600%201200'%2F%3E\" alt=\"kitchen renovation annemasse\" height=\"1200\" width=\"1600\" data-nectar-img-src=\"https:\/\/sed-interiors.com\/wp-content\/uploads\/2024\/12\/cuisine-pas-cher-annemasse-1024x768.jpeg\" data-nectar-img-srcset=\"https:\/\/sed-interiors.com\/wp-content\/uploads\/2024\/12\/cuisine-pas-cher-annemasse-1024x768.jpeg 1024w, https:\/\/sed-interiors.com\/wp-content\/uploads\/2024\/12\/cuisine-pas-cher-annemasse-300x225.jpeg 300w, https:\/\/sed-interiors.com\/wp-content\/uploads\/2024\/12\/cuisine-pas-cher-annemasse-768x576.jpeg 768w, https:\/\/sed-interiors.com\/wp-content\/uploads\/2024\/12\/cuisine-pas-cher-annemasse-1536x1152.jpeg 1536w, https:\/\/sed-interiors.com\/wp-content\/uploads\/2024\/12\/cuisine-pas-cher-annemasse.jpeg 1600w\" sizes=\"auto, (max-width: 1024px) 100vw, 1024px\" \/><\/div><\/div><\/div><div class=\"bg-overlay\"  data-opacity=\"0.1\" data-hover-opacity=\"0.4\"><\/div><div class=\"content\"><a class=\"nectar-post-grid-link\" href=\"https:\/\/sed-interiors.com\/en\/budget-cooking\/\" ><span class=\"screen-reader-text\">Low-cost kitchens: tips from Sed'Interiors<\/span><\/a><div class=\"item-main\"><h3 class=\"post-heading\"><span>Low-cost kitchens: tips from Sed'Interiors<\/span><\/h3><\/div><\/div><\/div><\/div><div class=\"nectar-post-grid-item\" data-post-id=\"1534\" data-has-img=\"true\"> <div class=\"inner\"><div class=\"nectar-post-grid-item-bg-wrap\"><div class=\"nectar-post-grid-item-bg-wrap-inner\"><div class=\"nectar-post-grid-item-bg\"><img loading=\"lazy\" decoding=\"async\" class=\"nectar-lazy skip-lazy nectar-post-grid-item-bg__media\" src=\"data:image\/svg+xml;charset=utf-8,%3Csvg%20xmlns%3D'http%3A%2F%2Fwww.w3.org%2F2000%2Fsvg'%20viewBox%3D'0%200%202560%201920'%2F%3E\" alt=\"\" height=\"1920\" width=\"2560\" data-nectar-img-src=\"https:\/\/sed-interiors.com\/wp-content\/uploads\/2023\/01\/IMG_1316-9-1024x768.jpg\" data-nectar-img-srcset=\"https:\/\/sed-interiors.com\/wp-content\/uploads\/2023\/01\/IMG_1316-9-1024x768.jpg 1024w, https:\/\/sed-interiors.com\/wp-content\/uploads\/2023\/01\/IMG_1316-9-300x225.jpg 300w, https:\/\/sed-interiors.com\/wp-content\/uploads\/2023\/01\/IMG_1316-9-768x576.jpg 768w, https:\/\/sed-interiors.com\/wp-content\/uploads\/2023\/01\/IMG_1316-9-1536x1152.jpg 1536w, https:\/\/sed-interiors.com\/wp-content\/uploads\/2023\/01\/IMG_1316-9-2048x1536.jpg 2048w\" sizes=\"auto, (max-width: 1024px) 100vw, 1024px\" \/><\/div><\/div><\/div><div class=\"bg-overlay\"  data-opacity=\"0.1\" data-hover-opacity=\"0.4\"><\/div><div class=\"content\"><a class=\"nectar-post-grid-link\" href=\"https:\/\/sed-interiors.com\/en\/cooking-trend\/\" ><span class=\"screen-reader-text\">Kitchen trends 2025: 9 decorating ideas to adopt<\/span><\/a><div class=\"item-main\"><h3 class=\"post-heading\"><span>Kitchen trends 2025: 9 decorating ideas to adopt<\/span><\/h3><\/div><\/div><\/div><\/div><div class=\"nectar-post-grid-item\" data-post-id=\"1894\" data-has-img=\"true\"> <div class=\"inner\"><div class=\"nectar-post-grid-item-bg-wrap\"><div class=\"nectar-post-grid-item-bg-wrap-inner\"><div class=\"nectar-post-grid-item-bg\"><img loading=\"lazy\" decoding=\"async\" class=\"nectar-lazy skip-lazy nectar-post-grid-item-bg__media\" src=\"data:image\/svg+xml;charset=utf-8,%3Csvg%20xmlns%3D'http%3A%2F%2Fwww.w3.org%2F2000%2Fsvg'%20viewBox%3D'0%200%201750%201168'%2F%3E\" alt=\"\" height=\"1168\" width=\"1750\" data-nectar-img-src=\"https:\/\/sed-interiors.com\/wp-content\/uploads\/2023\/01\/DSC_1026-1024x683.jpg\" data-nectar-img-srcset=\"https:\/\/sed-interiors.com\/wp-content\/uploads\/2023\/01\/DSC_1026-1024x683.jpg 1024w, https:\/\/sed-interiors.com\/wp-content\/uploads\/2023\/01\/DSC_1026-300x200.jpg 300w, https:\/\/sed-interiors.com\/wp-content\/uploads\/2023\/01\/DSC_1026-768x513.jpg 768w, https:\/\/sed-interiors.com\/wp-content\/uploads\/2023\/01\/DSC_1026-1536x1025.jpg 1536w, https:\/\/sed-interiors.com\/wp-content\/uploads\/2023\/01\/DSC_1026-900x600.jpg 900w, https:\/\/sed-interiors.com\/wp-content\/uploads\/2023\/01\/DSC_1026.jpg 1750w\" sizes=\"auto, (max-width: 1024px) 100vw, 1024px\" \/><\/div><\/div><\/div><div class=\"bg-overlay\"  data-opacity=\"0.1\" data-hover-opacity=\"0.4\"><\/div><div class=\"content\"><a class=\"nectar-post-grid-link\" href=\"https:\/\/sed-interiors.com\/en\/furnish-small-kitchen\/\" ><span class=\"screen-reader-text\">How to fit out a small kitchen?<\/span><\/a><div class=\"item-main\"><h3 class=\"post-heading\"><span>How to fit out a small kitchen?<\/span><\/h3><\/div><\/div><\/div><\/div><div class=\"nectar-post-grid-item\" data-post-id=\"1742\" data-has-img=\"true\"> <div class=\"inner\"><div class=\"nectar-post-grid-item-bg-wrap\"><div class=\"nectar-post-grid-item-bg-wrap-inner\"><div class=\"nectar-post-grid-item-bg\"><img loading=\"lazy\" decoding=\"async\" class=\"nectar-lazy skip-lazy nectar-post-grid-item-bg__media\" src=\"data:image\/svg+xml;charset=utf-8,%3Csvg%20xmlns%3D'http%3A%2F%2Fwww.w3.org%2F2000%2Fsvg'%20viewBox%3D'0%200%202021%201333'%2F%3E\" alt=\"Kitchen with veined Dekton (St Laurent), Collection Pure Glam Aster Cucine\" height=\"1333\" width=\"2021\" data-nectar-img-src=\"https:\/\/sed-interiors.com\/wp-content\/uploads\/2023\/06\/cuisine-granit-veine-1024x675.png\" data-nectar-img-srcset=\"https:\/\/sed-interiors.com\/wp-content\/uploads\/2023\/06\/cuisine-granit-veine-1024x675.png 1024w, https:\/\/sed-interiors.com\/wp-content\/uploads\/2023\/06\/cuisine-granit-veine-300x198.png 300w, https:\/\/sed-interiors.com\/wp-content\/uploads\/2023\/06\/cuisine-granit-veine-768x507.png 768w, https:\/\/sed-interiors.com\/wp-content\/uploads\/2023\/06\/cuisine-granit-veine-1536x1013.png 1536w, https:\/\/sed-interiors.com\/wp-content\/uploads\/2023\/06\/cuisine-granit-veine.png 2021w\" sizes=\"auto, (max-width: 1024px) 100vw, 1024px\" \/><\/div><\/div><\/div><div class=\"bg-overlay\"  data-opacity=\"0.1\" data-hover-opacity=\"0.4\"><\/div><div class=\"content\"><a class=\"nectar-post-grid-link\" href=\"https:\/\/sed-interiors.com\/en\/choosing-a-custom-kitchen\/\" ><span class=\"screen-reader-text\">Why choose a made-to-measure kitchen?<\/span><\/a><div class=\"item-main\"><h3 class=\"post-heading\"><span>Why choose a made-to-measure kitchen?<\/span><\/h3><\/div><\/div><\/div><\/div><div class=\"nectar-post-grid-item\" data-post-id=\"1713\" data-has-img=\"true\"> <div class=\"inner\"><div class=\"nectar-post-grid-item-bg-wrap\"><div class=\"nectar-post-grid-item-bg-wrap-inner\"><div class=\"nectar-post-grid-item-bg\"><img loading=\"lazy\" decoding=\"async\" class=\"nectar-lazy skip-lazy nectar-post-grid-item-bg__media\" src=\"data:image\/svg+xml;charset=utf-8,%3Csvg%20xmlns%3D'http%3A%2F%2Fwww.w3.org%2F2000%2Fsvg'%20viewBox%3D'0%200%202500%201458'%2F%3E\" alt=\"Sleek white kitchen with central dining table\" height=\"1458\" width=\"2500\" data-nectar-img-src=\"https:\/\/sed-interiors.com\/wp-content\/uploads\/2023\/01\/0288_19_V01_SET_07_ZEN-1024x597.jpg\" data-nectar-img-srcset=\"https:\/\/sed-interiors.com\/wp-content\/uploads\/2023\/01\/0288_19_V01_SET_07_ZEN-1024x597.jpg 1024w, https:\/\/sed-interiors.com\/wp-content\/uploads\/2023\/01\/0288_19_V01_SET_07_ZEN-300x175.jpg 300w, https:\/\/sed-interiors.com\/wp-content\/uploads\/2023\/01\/0288_19_V01_SET_07_ZEN-768x448.jpg 768w, https:\/\/sed-interiors.com\/wp-content\/uploads\/2023\/01\/0288_19_V01_SET_07_ZEN-1536x896.jpg 1536w, https:\/\/sed-interiors.com\/wp-content\/uploads\/2023\/01\/0288_19_V01_SET_07_ZEN-2048x1194.jpg 2048w\" sizes=\"auto, (max-width: 1024px) 100vw, 1024px\" \/><\/div><\/div><\/div><div class=\"bg-overlay\"  data-opacity=\"0.1\" data-hover-opacity=\"0.4\"><\/div><div class=\"content\"><a class=\"nectar-post-grid-link\" href=\"https:\/\/sed-interiors.com\/en\/custom-kitchen-design\/\" ><span class=\"screen-reader-text\">How to design a custom kitchen: a practical guide<\/span><\/a><div class=\"item-main\"><h3 class=\"post-heading\"><span>How to design a custom kitchen: a practical guide<\/span><\/h3><\/div><\/div><\/div><\/div><div class=\"nectar-post-grid-item\" data-post-id=\"1686\" data-has-img=\"true\"> <div class=\"inner\"><div class=\"nectar-post-grid-item-bg-wrap\"><div class=\"nectar-post-grid-item-bg-wrap-inner\"><div class=\"nectar-post-grid-item-bg\"><img loading=\"lazy\" decoding=\"async\" class=\"nectar-lazy skip-lazy nectar-post-grid-item-bg__media\" src=\"data:image\/svg+xml;charset=utf-8,%3Csvg%20xmlns%3D'http%3A%2F%2Fwww.w3.org%2F2000%2Fsvg'%20viewBox%3D'0%200%202021%201333'%2F%3E\" alt=\"Invisible kitchen Collection MK18 Antares Cucine\" height=\"1333\" width=\"2021\" data-nectar-img-src=\"https:\/\/sed-interiors.com\/wp-content\/uploads\/2023\/06\/cuisine-invisible-1024x675.png\" data-nectar-img-srcset=\"https:\/\/sed-interiors.com\/wp-content\/uploads\/2023\/06\/cuisine-invisible-1024x675.png 1024w, https:\/\/sed-interiors.com\/wp-content\/uploads\/2023\/06\/cuisine-invisible-300x198.png 300w, https:\/\/sed-interiors.com\/wp-content\/uploads\/2023\/06\/cuisine-invisible-768x507.png 768w, https:\/\/sed-interiors.com\/wp-content\/uploads\/2023\/06\/cuisine-invisible-1536x1013.png 1536w, https:\/\/sed-interiors.com\/wp-content\/uploads\/2023\/06\/cuisine-invisible.png 2021w\" sizes=\"auto, (max-width: 1024px) 100vw, 1024px\" \/><\/div><\/div><\/div><div class=\"bg-overlay\"  data-opacity=\"0.1\" data-hover-opacity=\"0.4\"><\/div><div class=\"content\"><a class=\"nectar-post-grid-link\" href=\"https:\/\/sed-interiors.com\/en\/professional-kitchen-designer\/\" ><span class=\"screen-reader-text\">Professional kitchen designer: 5 reasons to choose a pro for your kitchen renovation<\/span><\/a><div class=\"item-main\"><h3 class=\"post-heading\"><span>Professional kitchen designer: 5 reasons to choose a pro for your kitchen renovation<\/span><\/h3><\/div><\/div><\/div><\/div><div class=\"nectar-post-grid-item\" data-post-id=\"1578\" data-has-img=\"true\"> <div class=\"inner\"><div class=\"nectar-post-grid-item-bg-wrap\"><div class=\"nectar-post-grid-item-bg-wrap-inner\"><div class=\"nectar-post-grid-item-bg\"><img loading=\"lazy\" decoding=\"async\" class=\"nectar-lazy skip-lazy nectar-post-grid-item-bg__media\" src=\"data:image\/svg+xml;charset=utf-8,%3Csvg%20xmlns%3D'http%3A%2F%2Fwww.w3.org%2F2000%2Fsvg'%20viewBox%3D'0%200%202560%201920'%2F%3E\" alt=\"\" height=\"1920\" width=\"2560\" data-nectar-img-src=\"https:\/\/sed-interiors.com\/wp-content\/uploads\/2023\/01\/IMG_5865-1024x768.jpg\" data-nectar-img-srcset=\"https:\/\/sed-interiors.com\/wp-content\/uploads\/2023\/01\/IMG_5865-1024x768.jpg 1024w, https:\/\/sed-interiors.com\/wp-content\/uploads\/2023\/01\/IMG_5865-300x225.jpg 300w, https:\/\/sed-interiors.com\/wp-content\/uploads\/2023\/01\/IMG_5865-768x576.jpg 768w, https:\/\/sed-interiors.com\/wp-content\/uploads\/2023\/01\/IMG_5865-1536x1152.jpg 1536w, https:\/\/sed-interiors.com\/wp-content\/uploads\/2023\/01\/IMG_5865-2048x1536.jpg 2048w\" sizes=\"auto, (max-width: 1024px) 100vw, 1024px\" \/><\/div><\/div><\/div><div class=\"bg-overlay\"  data-opacity=\"0.1\" data-hover-opacity=\"0.4\"><\/div><div class=\"content\"><a class=\"nectar-post-grid-link\" href=\"https:\/\/sed-interiors.com\/en\/kitchen-renovation-before-and-after\/\" ><span class=\"screen-reader-text\">Kitchen renovation: 7 stunning before-and-after effects<\/span><\/a><div class=\"item-main\"><h3 class=\"post-heading\"><span>Kitchen renovation: 7 stunning before-and-after effects<\/span><\/h3><\/div><\/div><\/div><\/div><\/div><\/div>\n\t\t\t<\/div> \n\t\t<\/div>\n\t<\/div> \n<\/div><\/div>","protected":false},"excerpt":{"rendered":"Au c\u0153ur de la maison, la cuisine est une pi\u00e8ce conviviale, \u00e0 la fois fonctionnelle et esth\u00e9tique, o\u00f9 se rassemblent famille et amis. Au fil des ann\u00e9es, vos besoins \u00e9voluent...","protected":false},"author":1,"featured_media":0,"parent":0,"menu_order":0,"comment_status":"closed","ping_status":"closed","template":"","meta":{"_joinchat":[],"footnotes":""},"class_list":["post-1560","page","type-page","status-publish"],"yoast_head":"<!-- This site is optimized with the Yoast SEO plugin v26.8 - https:\/\/yoast.com\/product\/yoast-seo-wordpress\/ -->\n<title>Blog r\u00e9novation cuisine, salle de bains, dressing | Sed&#039;Interiors<\/title>\n<meta name=\"description\" content=\"Bienvenue sur le blog Sed&#039;Interiors : d\u00e9couvrez nos articles r\u00e9novation cuisine, salle de bains, am\u00e9nagement dressing et verri\u00e8re sur mesure.\" \/>\n<meta name=\"robots\" content=\"index, follow, max-snippet:-1, max-image-preview:large, max-video-preview:-1\" \/>\n<link rel=\"canonical\" href=\"https:\/\/sed-interiors.com\/en\/kitchen-blog\/\" \/>\n<meta property=\"og:locale\" content=\"en_US\" \/>\n<meta property=\"og:type\" content=\"article\" \/>\n<meta property=\"og:title\" content=\"Blog r\u00e9novation cuisine, salle de bains, dressing | Sed&#039;Interiors\" \/>\n<meta property=\"og:description\" content=\"Bienvenue sur le blog Sed&#039;Interiors : d\u00e9couvrez nos articles r\u00e9novation cuisine, salle de bains, am\u00e9nagement dressing et verri\u00e8re sur mesure.\" \/>\n<meta property=\"og:url\" content=\"https:\/\/sed-interiors.com\/en\/kitchen-blog\/\" \/>\n<meta property=\"og:site_name\" content=\"Sed&#039;Interiors\" \/>\n<meta property=\"article:publisher\" content=\"https:\/\/www.facebook.com\/sebastien.deguilly\" \/>\n<meta property=\"article:modified_time\" content=\"2023-06-12T14:31:41+00:00\" \/>\n<meta name=\"twitter:card\" content=\"summary_large_image\" \/>\n<meta name=\"twitter:label1\" content=\"Est. reading time\" \/>\n\t<meta name=\"twitter:data1\" content=\"2 minutes\" \/>\n<script type=\"application\/ld+json\" class=\"yoast-schema-graph\">{\"@context\":\"https:\/\/schema.org\",\"@graph\":[{\"@type\":\"WebPage\",\"@id\":\"https:\/\/sed-interiors.com\/blog-cuisines\/\",\"url\":\"https:\/\/sed-interiors.com\/blog-cuisines\/\",\"name\":\"Blog r\u00e9novation cuisine, salle de bains, dressing | Sed'Interiors\",\"isPartOf\":{\"@id\":\"https:\/\/sed-interiors.com\/#website\"},\"datePublished\":\"2023-05-12T13:27:30+00:00\",\"dateModified\":\"2023-06-12T14:31:41+00:00\",\"description\":\"Bienvenue sur le blog Sed'Interiors : d\u00e9couvrez nos articles r\u00e9novation cuisine, salle de bains, am\u00e9nagement dressing et verri\u00e8re sur mesure.\",\"breadcrumb\":{\"@id\":\"https:\/\/sed-interiors.com\/blog-cuisines\/#breadcrumb\"},\"inLanguage\":\"en-US\",\"potentialAction\":[{\"@type\":\"ReadAction\",\"target\":[\"https:\/\/sed-interiors.com\/blog-cuisines\/\"]}]},{\"@type\":\"BreadcrumbList\",\"@id\":\"https:\/\/sed-interiors.com\/blog-cuisines\/#breadcrumb\",\"itemListElement\":[{\"@type\":\"ListItem\",\"position\":1,\"name\":\"Accueil\",\"item\":\"https:\/\/sed-interiors.com\/\"},{\"@type\":\"ListItem\",\"position\":2,\"name\":\"Blog\"}]},{\"@type\":\"WebSite\",\"@id\":\"https:\/\/sed-interiors.com\/#website\",\"url\":\"https:\/\/sed-interiors.com\/\",\"name\":\"Sed'Interiors\",\"description\":\"Cuisines &amp; am\u00e9nagements\",\"publisher\":{\"@id\":\"https:\/\/sed-interiors.com\/#organization\"},\"potentialAction\":[{\"@type\":\"SearchAction\",\"target\":{\"@type\":\"EntryPoint\",\"urlTemplate\":\"https:\/\/sed-interiors.com\/?s={search_term_string}\"},\"query-input\":{\"@type\":\"PropertyValueSpecification\",\"valueRequired\":true,\"valueName\":\"search_term_string\"}}],\"inLanguage\":\"en-US\"},{\"@type\":\"Organization\",\"@id\":\"https:\/\/sed-interiors.com\/#organization\",\"name\":\"Sed'Interiors\",\"url\":\"https:\/\/sed-interiors.com\/\",\"logo\":{\"@type\":\"ImageObject\",\"inLanguage\":\"en-US\",\"@id\":\"https:\/\/sed-interiors.com\/#\/schema\/logo\/image\/\",\"url\":\"https:\/\/sed-interiors.com\/wp-content\/uploads\/2022\/11\/LogoSedInteriors-Gris-retina.png\",\"contentUrl\":\"https:\/\/sed-interiors.com\/wp-content\/uploads\/2022\/11\/LogoSedInteriors-Gris-retina.png\",\"width\":600,\"height\":161,\"caption\":\"Sed'Interiors\"},\"image\":{\"@id\":\"https:\/\/sed-interiors.com\/#\/schema\/logo\/image\/\"},\"sameAs\":[\"https:\/\/www.facebook.com\/sebastien.deguilly\",\"https:\/\/www.instagram.com\/sedinteriors\/\"]}]}<\/script>\n<!-- \/ Yoast SEO plugin. -->","yoast_head_json":{"title":"Blog renovation kitchen, bathroom, dressing | Sed'Interiors","description":"Welcome to the Sed'Interiors blog: discover our articles on kitchen and bathroom renovation, dressing room design and custom glass roofs.","robots":{"index":"index","follow":"follow","max-snippet":"max-snippet:-1","max-image-preview":"max-image-preview:large","max-video-preview":"max-video-preview:-1"},"canonical":"https:\/\/sed-interiors.com\/en\/kitchen-blog\/","og_locale":"en_US","og_type":"article","og_title":"Blog r\u00e9novation cuisine, salle de bains, dressing | Sed'Interiors","og_description":"Bienvenue sur le blog Sed'Interiors : d\u00e9couvrez nos articles r\u00e9novation cuisine, salle de bains, am\u00e9nagement dressing et verri\u00e8re sur mesure.","og_url":"https:\/\/sed-interiors.com\/en\/kitchen-blog\/","og_site_name":"Sed&#039;Interiors","article_publisher":"https:\/\/www.facebook.com\/sebastien.deguilly","article_modified_time":"2023-06-12T14:31:41+00:00","twitter_card":"summary_large_image","twitter_misc":{"Est. reading time":"2 minutes"},"schema":{"@context":"https:\/\/schema.org","@graph":[{"@type":"WebPage","@id":"https:\/\/sed-interiors.com\/blog-cuisines\/","url":"https:\/\/sed-interiors.com\/blog-cuisines\/","name":"Blog renovation kitchen, bathroom, dressing | Sed'Interiors","isPartOf":{"@id":"https:\/\/sed-interiors.com\/#website"},"datePublished":"2023-05-12T13:27:30+00:00","dateModified":"2023-06-12T14:31:41+00:00","description":"Welcome to the Sed'Interiors blog: discover our articles on kitchen and bathroom renovation, dressing room design and custom glass roofs.","breadcrumb":{"@id":"https:\/\/sed-interiors.com\/blog-cuisines\/#breadcrumb"},"inLanguage":"en-US","potentialAction":[{"@type":"ReadAction","target":["https:\/\/sed-interiors.com\/blog-cuisines\/"]}]},{"@type":"BreadcrumbList","@id":"https:\/\/sed-interiors.com\/blog-cuisines\/#breadcrumb","itemListElement":[{"@type":"ListItem","position":1,"name":"Accueil","item":"https:\/\/sed-interiors.com\/"},{"@type":"ListItem","position":2,"name":"Blog"}]},{"@type":"WebSite","@id":"https:\/\/sed-interiors.com\/#website","url":"https:\/\/sed-interiors.com\/","name":"Sed'Interiors","description":"Kitchens &amp; fittings","publisher":{"@id":"https:\/\/sed-interiors.com\/#organization"},"potentialAction":[{"@type":"SearchAction","target":{"@type":"EntryPoint","urlTemplate":"https:\/\/sed-interiors.com\/?s={search_term_string}"},"query-input":{"@type":"PropertyValueSpecification","valueRequired":true,"valueName":"search_term_string"}}],"inLanguage":"en-US"},{"@type":"Organization","@id":"https:\/\/sed-interiors.com\/#organization","name":"Sed'Interiors","url":"https:\/\/sed-interiors.com\/","logo":{"@type":"ImageObject","inLanguage":"en-US","@id":"https:\/\/sed-interiors.com\/#\/schema\/logo\/image\/","url":"https:\/\/sed-interiors.com\/wp-content\/uploads\/2022\/11\/LogoSedInteriors-Gris-retina.png","contentUrl":"https:\/\/sed-interiors.com\/wp-content\/uploads\/2022\/11\/LogoSedInteriors-Gris-retina.png","width":600,"height":161,"caption":"Sed'Interiors"},"image":{"@id":"https:\/\/sed-interiors.com\/#\/schema\/logo\/image\/"},"sameAs":["https:\/\/www.facebook.com\/sebastien.deguilly","https:\/\/www.instagram.com\/sedinteriors\/"]}]}},"_links":{"self":[{"href":"https:\/\/sed-interiors.com\/en\/wp-json\/wp\/v2\/pages\/1560","targetHints":{"allow":["GET"]}}],"collection":[{"href":"https:\/\/sed-interiors.com\/en\/wp-json\/wp\/v2\/pages"}],"about":[{"href":"https:\/\/sed-interiors.com\/en\/wp-json\/wp\/v2\/types\/page"}],"author":[{"embeddable":true,"href":"https:\/\/sed-interiors.com\/en\/wp-json\/wp\/v2\/users\/1"}],"replies":[{"embeddable":true,"href":"https:\/\/sed-interiors.com\/en\/wp-json\/wp\/v2\/comments?post=1560"}],"version-history":[{"count":5,"href":"https:\/\/sed-interiors.com\/en\/wp-json\/wp\/v2\/pages\/1560\/revisions"}],"predecessor-version":[{"id":1670,"href":"https:\/\/sed-interiors.com\/en\/wp-json\/wp\/v2\/pages\/1560\/revisions\/1670"}],"wp:attachment":[{"href":"https:\/\/sed-interiors.com\/en\/wp-json\/wp\/v2\/media?parent=1560"}],"curies":[{"name":"wp","href":"https:\/\/api.w.org\/{rel}","templated":true}]}}