{"id":1045,"date":"2023-01-30T11:31:18","date_gmt":"2023-01-30T10:31:18","guid":{"rendered":"https:\/\/sed-interiors.com\/?page_id=1045"},"modified":"2025-05-09T14:26:45","modified_gmt":"2025-05-09T12:26:45","slug":"site-map","status":"publish","type":"page","link":"https:\/\/sed-interiors.com\/en\/site-map\/","title":{"rendered":"Site map"},"content":{"rendered":"<div id=\"fws_69fdd84f9fff4\"  data-column-margin=\"default\" data-midnight=\"dark\" data-top-percent=\"6%\" data-bottom-percent=\"6%\"  class=\"wpb_row vc_row-fluid vc_row full-width-section has-row-bg-color  right_padding_10pct left_padding_10pct\"  style=\"padding-top: calc(100vw * 0.06); padding-bottom: calc(100vw * 0.06); --row-bg-color: #212529;\"><div class=\"row-bg-wrap\" data-bg-animation=\"none\" data-bg-animation-delay=\"\" data-bg-overlay=\"false\"><div class=\"inner-wrap row-bg-layer\" ><div class=\"row-bg viewport-desktop using-bg-color\"  style=\"background-color: #212529; \"><\/div><\/div><\/div><div class=\"row_col_wrap_12 col span_12 dark left\">\n\t<div style=\" color: #ffffff;\" class=\"vc_col-sm-4 wpb_column column_container vc_column_container col no-extra-padding inherit_tablet inherit_phone\" data-cfc=\"true\"  data-padding-pos=\"all\" data-has-bg-color=\"false\" data-bg-color=\"\" data-bg-opacity=\"1\" data-animation=\"\" data-delay=\"0\" >\n\t\t<div class=\"vc_column-inner\" >\n\t\t\t<div class=\"wpb_wrapper\">\n\t\t\t\t\n<div class=\"wpb_text_column wpb_content_element\" >\n\t<h2>Pages :<\/h2>\n<\/div>\n\n\n\n\n\t<div class=\"wpb_raw_code wpb_raw_html wpb_content_element\" >\n\t\t<div class=\"wpb_wrapper\">\n\t\t\t<div id=\"simple-sitemap-container-69fdd84fa0a39\" class=\"simple-sitemap-container simple-sitemap-container-69fdd84fa0a39 tab-disabled\"><div class=\"simple-sitemap-wrap\"><h3 class=\"post-type\">Pages<\/h3><ul class=\"simple-sitemap-page main\"><li class=\"sitemap-item page_item page-item-1008\"><a href=\"https:\/\/sed-interiors.com\/en\/about-kitchen-design\/\">About us<\/a><\/li>\n<li class=\"sitemap-item page_item page-item-2558\"><a href=\"https:\/\/sed-interiors.com\/en\/a-propos\/\">About us<\/a><\/li>\n<li class=\"sitemap-item page_item page-item-1560\"><a href=\"https:\/\/sed-interiors.com\/en\/kitchen-blog\/\">Blog<\/a><\/li>\n<li class=\"sitemap-item page_item page-item-3\"><a href=\"https:\/\/sed-interiors.com\/en\/general-conditions-of-use\/\">Terms and conditions of use<\/a><\/li>\n<li class=\"sitemap-item page_item page-item-525\"><a href=\"https:\/\/sed-interiors.com\/en\/contact-cuisiniste-74\/\">Contact<\/a><\/li>\n<li class=\"sitemap-item page_item page-item-6\"><a href=\"https:\/\/sed-interiors.com\/en\/made-to-measure-kitchen\/\">Custom kitchens<\/a><\/li>\n<li class=\"sitemap-item page_item page-item-337\"><a href=\"https:\/\/sed-interiors.com\/en\/\">Cuisine sur mesure Haute-Savoie<\/a><\/li>\n<li class=\"sitemap-item page_item page-item-1756\"><a href=\"https:\/\/sed-interiors.com\/en\/cuisiniste-geneve\/\">Kitchen designer Geneva<\/a><\/li>\n<li class=\"sitemap-item page_item page-item-2271\"><a href=\"https:\/\/sed-interiors.com\/en\/cuisiniste-haute-savoie\/\">Kitchen designer Haute-Savoie<\/a><\/li>\n<li class=\"sitemap-item page_item page-item-1882\"><a href=\"https:\/\/sed-interiors.com\/en\/cuisiniste-lausanne\/\">Kitchen designer Lausanne<\/a><\/li>\n<li class=\"sitemap-item page_item page-item-968\"><a href=\"https:\/\/sed-interiors.com\/en\/custom-made-dressing-room\/\">Made-to-measure wardrobes<\/a><\/li>\n<li class=\"sitemap-item page_item page-item-1040\"><a href=\"https:\/\/sed-interiors.com\/en\/legal-notice\/\">Terms of use<\/a><\/li>\n<li class=\"sitemap-item page_item page-item-2018\"><a href=\"https:\/\/sed-interiors.com\/en\/thank-you\/\">Thank you for your message<\/a><\/li>\n<li class=\"sitemap-item page_item page-item-9\"><a href=\"https:\/\/sed-interiors.com\/en\/our-made-to-measure-kitchens\/\">Our achievements<\/a><\/li>\n<li class=\"sitemap-item page_item page-item-1045\"><a href=\"https:\/\/sed-interiors.com\/en\/site-map\/\">Site map<\/a><\/li>\n<li class=\"sitemap-item page_item page-item-2554\"><a href=\"https:\/\/sed-interiors.com\/en\/politique-de-cookies\/\">Politique de cookies<\/a><\/li>\n<li class=\"sitemap-item page_item page-item-1023\"><a href=\"https:\/\/sed-interiors.com\/en\/make-an-appointment\/\">Make an appointment<\/a><\/li>\n<li class=\"sitemap-item page_item page-item-964\"><a href=\"https:\/\/sed-interiors.com\/en\/made-to-measure-bathroom\/\">Custom bathroom<\/a><\/li>\n<li class=\"sitemap-item page_item page-item-993\"><a href=\"https:\/\/sed-interiors.com\/en\/made-to-measure-glass\/\">Made-to-measure canopy<\/a><\/li>\n<\/ul><\/div><\/div><br style=\"clear: both;\">\n\t\t<\/div>\n\t<\/div>\n\n\t\t\t<\/div> \n\t\t<\/div>\n\t<\/div> \n\n\t<div style=\" color: #ffffff;\" class=\"vc_col-sm-4 wpb_column column_container vc_column_container col no-extra-padding inherit_tablet inherit_phone\" data-cfc=\"true\"  data-padding-pos=\"all\" data-has-bg-color=\"false\" data-bg-color=\"\" data-bg-opacity=\"1\" data-animation=\"\" data-delay=\"0\" >\n\t\t<div class=\"vc_column-inner\" >\n\t\t\t<div class=\"wpb_wrapper\">\n\t\t\t\t\n<div class=\"wpb_text_column wpb_content_element\" >\n\t<h2>Collections :<\/h2>\n<\/div>\n\n\n\n\n\t<div class=\"wpb_raw_code wpb_raw_html wpb_content_element\" >\n\t\t<div class=\"wpb_wrapper\">\n\t\t\t<div id=\"simple-sitemap-container-69fdd84fb7420\" class=\"simple-sitemap-container simple-sitemap-container-69fdd84fb7420 tab-disabled\"><div class=\"simple-sitemap-wrap\"><h3 class=\"post-type\">Collections<\/h3><ul class=\"simple-sitemap-collection main\"><li class=\"sitemap-item\"><a href=\"https:\/\/sed-interiors.com\/en\/collection\/atelier-aster-cucine\/\">Atelier Aster Cucine<\/a><\/li><li class=\"sitemap-item\"><a href=\"https:\/\/sed-interiors.com\/en\/collection\/brera-academy-aster-cucine\/\">Brera Academy Aster cucine<\/a><\/li><li class=\"sitemap-item\"><a href=\"https:\/\/sed-interiors.com\/en\/collection\/contempora-aster-cucine\/\">Contempora Aster cucine<\/a><\/li><li class=\"sitemap-item\"><a href=\"https:\/\/sed-interiors.com\/en\/collection\/domina-aster-cucine\/\">Domina Aster cucine<\/a><\/li><li class=\"sitemap-item\"><a href=\"https:\/\/sed-interiors.com\/en\/collection\/factory-aster-cucine\/\">Factory Aster cucine<\/a><\/li><li class=\"sitemap-item\"><a href=\"https:\/\/sed-interiors.com\/en\/collection\/luxury-glam-aster-cucine\/\">Luxury Glam Aster cucine<\/a><\/li><li class=\"sitemap-item\"><a href=\"https:\/\/sed-interiors.com\/en\/collection\/mk18-antares-cucine\/\">MK18 Antares cucine<\/a><\/li><li class=\"sitemap-item\"><a href=\"https:\/\/sed-interiors.com\/en\/collection\/mood-antares-cucine\/\">Mood Antares cucine<\/a><\/li><li class=\"sitemap-item\"><a href=\"https:\/\/sed-interiors.com\/en\/collection\/opera-aster-cucine\/\">Opera Aster cucine<\/a><\/li><li class=\"sitemap-item\"><a href=\"https:\/\/sed-interiors.com\/en\/collection\/outdoor-aster-cucine\/\">Outdoor Aster cucine<\/a><\/li><li class=\"sitemap-item\"><a href=\"https:\/\/sed-interiors.com\/en\/collection\/portrait-aster-cucine\/\">Portrait Aster cucine<\/a><\/li><li class=\"sitemap-item\"><a href=\"https:\/\/sed-interiors.com\/en\/collection\/pure-glam-aster-cucine\/\">Pure Glam Aster cucine<\/a><\/li><li class=\"sitemap-item\"><a href=\"https:\/\/sed-interiors.com\/en\/collection\/sistema-antares-cucine\/\">Sistema Antares cucine<\/a><\/li><li class=\"sitemap-item\"><a href=\"https:\/\/sed-interiors.com\/en\/collection\/skill-box-antares-cucine\/\">Skill Box Antares cucine<\/a><\/li><li class=\"sitemap-item\"><a href=\"https:\/\/sed-interiors.com\/en\/collection\/timeline-aster-cucine\/\">Timeline Aster cucine<\/a><\/li><li class=\"sitemap-item\"><a href=\"https:\/\/sed-interiors.com\/en\/collection\/zen-zen-plus-antares-cucine\/\">Zen \/ Zen Plus Antares cucine<\/a><\/li><\/ul><\/div><\/div><br style=\"clear: both;\">\n\t\t<\/div>\n\t<\/div>\n\n\t\t\t<\/div> \n\t\t<\/div>\n\t<\/div> \n\n\t<div style=\" color: #ffffff;\" class=\"vc_col-sm-4 wpb_column column_container vc_column_container col no-extra-padding inherit_tablet inherit_phone\" data-cfc=\"true\"  data-padding-pos=\"all\" data-has-bg-color=\"false\" data-bg-color=\"\" data-bg-opacity=\"1\" data-animation=\"\" data-delay=\"0\" >\n\t\t<div class=\"vc_column-inner\" >\n\t\t\t<div class=\"wpb_wrapper\">\n\t\t\t\t\n<div class=\"wpb_text_column wpb_content_element\" >\n\t<h2>Articles :<\/h2>\n<\/div>\n\n\n\n\n\t<div class=\"wpb_raw_code wpb_raw_html wpb_content_element\" >\n\t\t<div class=\"wpb_wrapper\">\n\t\t\t<div id=\"simple-sitemap-container-69fdd84fd155a\" class=\"simple-sitemap-container simple-sitemap-container-69fdd84fd155a tab-disabled\"><div class=\"simple-sitemap-wrap\"><h3 class=\"post-type\">Posts<\/h3><ul class=\"simple-sitemap-post main\"><li class=\"sitemap-item\"><a href=\"https:\/\/sed-interiors.com\/en\/custom-kitchen-design\/\">How to design a custom kitchen: a practical guide<\/a><\/li><li class=\"sitemap-item\"><a href=\"https:\/\/sed-interiors.com\/en\/furnish-small-kitchen\/\">How to fit out a small kitchen?<\/a><\/li><li class=\"sitemap-item\"><a href=\"https:\/\/sed-interiors.com\/en\/budget-cooking\/\">Low-cost kitchens: tips from Sed'Interiors<\/a><\/li><li class=\"sitemap-item\"><a href=\"https:\/\/sed-interiors.com\/en\/professional-kitchen-designer\/\">Professional kitchen designer: 5 reasons to choose a pro for your kitchen renovation<\/a><\/li><li class=\"sitemap-item\"><a href=\"https:\/\/sed-interiors.com\/en\/choosing-a-custom-kitchen\/\">Why choose a made-to-measure kitchen?<\/a><\/li><li class=\"sitemap-item\"><a href=\"https:\/\/sed-interiors.com\/en\/kitchen-renovation-before-and-after\/\">Kitchen renovation: 7 stunning before-and-after effects<\/a><\/li><li class=\"sitemap-item\"><a href=\"https:\/\/sed-interiors.com\/en\/cooking-trend\/\">Kitchen trends 2025: 9 decorating ideas to adopt<\/a><\/li><\/ul><\/div><\/div><br style=\"clear: both;\">\n\t\t<\/div>\n\t<\/div>\n\n\t\t\t<\/div> \n\t\t<\/div>\n\t<\/div> \n<\/div><\/div>","protected":false},"excerpt":{"rendered":"La cuisine est l'\u00e9l\u00e9ment central de la maison, un lieu convivial o\u00f9 se rassembler en famille et entre amis. Pour cela, elle doit donc \u00eatre \u00e0 la fois fonctionnelle et...","protected":false},"author":1,"featured_media":0,"parent":0,"menu_order":0,"comment_status":"closed","ping_status":"open","template":"","meta":{"_joinchat":[],"footnotes":""},"class_list":["post-1045","page","type-page","status-publish"],"yoast_head":"<!-- This site is optimized with the Yoast SEO plugin v26.8 - https:\/\/yoast.com\/product\/yoast-seo-wordpress\/ -->\n<title>Plan du site - Sed&#039;Interiors<\/title>\n<meta name=\"robots\" content=\"index, follow, max-snippet:-1, max-image-preview:large, max-video-preview:-1\" \/>\n<link rel=\"canonical\" href=\"https:\/\/sed-interiors.com\/en\/site-map\/\" \/>\n<meta property=\"og:locale\" content=\"en_US\" \/>\n<meta property=\"og:type\" content=\"article\" \/>\n<meta property=\"og:title\" content=\"Plan du site - Sed&#039;Interiors\" \/>\n<meta property=\"og:url\" content=\"https:\/\/sed-interiors.com\/en\/site-map\/\" \/>\n<meta property=\"og:site_name\" content=\"Sed&#039;Interiors\" \/>\n<meta property=\"article:publisher\" content=\"https:\/\/www.facebook.com\/sebastien.deguilly\" \/>\n<meta property=\"article:modified_time\" content=\"2025-05-09T12:26:45+00:00\" \/>\n<meta name=\"twitter:card\" content=\"summary_large_image\" \/>\n<meta name=\"twitter:label1\" content=\"Est. reading time\" \/>\n\t<meta name=\"twitter:data1\" content=\"1 minute\" \/>\n<script type=\"application\/ld+json\" class=\"yoast-schema-graph\">{\"@context\":\"https:\/\/schema.org\",\"@graph\":[{\"@type\":\"WebPage\",\"@id\":\"https:\/\/sed-interiors.com\/plan-du-site\/\",\"url\":\"https:\/\/sed-interiors.com\/plan-du-site\/\",\"name\":\"Plan du site - Sed&#039;Interiors\",\"isPartOf\":{\"@id\":\"https:\/\/sed-interiors.com\/#website\"},\"datePublished\":\"2023-01-30T10:31:18+00:00\",\"dateModified\":\"2025-05-09T12:26:45+00:00\",\"breadcrumb\":{\"@id\":\"https:\/\/sed-interiors.com\/plan-du-site\/#breadcrumb\"},\"inLanguage\":\"en-US\",\"potentialAction\":[{\"@type\":\"ReadAction\",\"target\":[\"https:\/\/sed-interiors.com\/plan-du-site\/\"]}]},{\"@type\":\"BreadcrumbList\",\"@id\":\"https:\/\/sed-interiors.com\/plan-du-site\/#breadcrumb\",\"itemListElement\":[{\"@type\":\"ListItem\",\"position\":1,\"name\":\"Accueil\",\"item\":\"https:\/\/sed-interiors.com\/\"},{\"@type\":\"ListItem\",\"position\":2,\"name\":\"Plan du site\"}]},{\"@type\":\"WebSite\",\"@id\":\"https:\/\/sed-interiors.com\/#website\",\"url\":\"https:\/\/sed-interiors.com\/\",\"name\":\"Sed'Interiors\",\"description\":\"Cuisines &amp; am\u00e9nagements\",\"publisher\":{\"@id\":\"https:\/\/sed-interiors.com\/#organization\"},\"potentialAction\":[{\"@type\":\"SearchAction\",\"target\":{\"@type\":\"EntryPoint\",\"urlTemplate\":\"https:\/\/sed-interiors.com\/?s={search_term_string}\"},\"query-input\":{\"@type\":\"PropertyValueSpecification\",\"valueRequired\":true,\"valueName\":\"search_term_string\"}}],\"inLanguage\":\"en-US\"},{\"@type\":\"Organization\",\"@id\":\"https:\/\/sed-interiors.com\/#organization\",\"name\":\"Sed'Interiors\",\"url\":\"https:\/\/sed-interiors.com\/\",\"logo\":{\"@type\":\"ImageObject\",\"inLanguage\":\"en-US\",\"@id\":\"https:\/\/sed-interiors.com\/#\/schema\/logo\/image\/\",\"url\":\"https:\/\/sed-interiors.com\/wp-content\/uploads\/2022\/11\/LogoSedInteriors-Gris-retina.png\",\"contentUrl\":\"https:\/\/sed-interiors.com\/wp-content\/uploads\/2022\/11\/LogoSedInteriors-Gris-retina.png\",\"width\":600,\"height\":161,\"caption\":\"Sed'Interiors\"},\"image\":{\"@id\":\"https:\/\/sed-interiors.com\/#\/schema\/logo\/image\/\"},\"sameAs\":[\"https:\/\/www.facebook.com\/sebastien.deguilly\",\"https:\/\/www.instagram.com\/sedinteriors\/\"]}]}<\/script>\n<!-- \/ Yoast SEO plugin. -->","yoast_head_json":{"title":"Site map - Sed'Interiors","robots":{"index":"index","follow":"follow","max-snippet":"max-snippet:-1","max-image-preview":"max-image-preview:large","max-video-preview":"max-video-preview:-1"},"canonical":"https:\/\/sed-interiors.com\/en\/site-map\/","og_locale":"en_US","og_type":"article","og_title":"Plan du site - Sed&#039;Interiors","og_url":"https:\/\/sed-interiors.com\/en\/site-map\/","og_site_name":"Sed&#039;Interiors","article_publisher":"https:\/\/www.facebook.com\/sebastien.deguilly","article_modified_time":"2025-05-09T12:26:45+00:00","twitter_card":"summary_large_image","twitter_misc":{"Est. reading time":"1 minute"},"schema":{"@context":"https:\/\/schema.org","@graph":[{"@type":"WebPage","@id":"https:\/\/sed-interiors.com\/plan-du-site\/","url":"https:\/\/sed-interiors.com\/plan-du-site\/","name":"Site map - Sed'Interiors","isPartOf":{"@id":"https:\/\/sed-interiors.com\/#website"},"datePublished":"2023-01-30T10:31:18+00:00","dateModified":"2025-05-09T12:26:45+00:00","breadcrumb":{"@id":"https:\/\/sed-interiors.com\/plan-du-site\/#breadcrumb"},"inLanguage":"en-US","potentialAction":[{"@type":"ReadAction","target":["https:\/\/sed-interiors.com\/plan-du-site\/"]}]},{"@type":"BreadcrumbList","@id":"https:\/\/sed-interiors.com\/plan-du-site\/#breadcrumb","itemListElement":[{"@type":"ListItem","position":1,"name":"Accueil","item":"https:\/\/sed-interiors.com\/"},{"@type":"ListItem","position":2,"name":"Plan du site"}]},{"@type":"WebSite","@id":"https:\/\/sed-interiors.com\/#website","url":"https:\/\/sed-interiors.com\/","name":"Sed'Interiors","description":"Kitchens &amp; fittings","publisher":{"@id":"https:\/\/sed-interiors.com\/#organization"},"potentialAction":[{"@type":"SearchAction","target":{"@type":"EntryPoint","urlTemplate":"https:\/\/sed-interiors.com\/?s={search_term_string}"},"query-input":{"@type":"PropertyValueSpecification","valueRequired":true,"valueName":"search_term_string"}}],"inLanguage":"en-US"},{"@type":"Organization","@id":"https:\/\/sed-interiors.com\/#organization","name":"Sed'Interiors","url":"https:\/\/sed-interiors.com\/","logo":{"@type":"ImageObject","inLanguage":"en-US","@id":"https:\/\/sed-interiors.com\/#\/schema\/logo\/image\/","url":"https:\/\/sed-interiors.com\/wp-content\/uploads\/2022\/11\/LogoSedInteriors-Gris-retina.png","contentUrl":"https:\/\/sed-interiors.com\/wp-content\/uploads\/2022\/11\/LogoSedInteriors-Gris-retina.png","width":600,"height":161,"caption":"Sed'Interiors"},"image":{"@id":"https:\/\/sed-interiors.com\/#\/schema\/logo\/image\/"},"sameAs":["https:\/\/www.facebook.com\/sebastien.deguilly","https:\/\/www.instagram.com\/sedinteriors\/"]}]}},"_links":{"self":[{"href":"https:\/\/sed-interiors.com\/en\/wp-json\/wp\/v2\/pages\/1045","targetHints":{"allow":["GET"]}}],"collection":[{"href":"https:\/\/sed-interiors.com\/en\/wp-json\/wp\/v2\/pages"}],"about":[{"href":"https:\/\/sed-interiors.com\/en\/wp-json\/wp\/v2\/types\/page"}],"author":[{"embeddable":true,"href":"https:\/\/sed-interiors.com\/en\/wp-json\/wp\/v2\/users\/1"}],"replies":[{"embeddable":true,"href":"https:\/\/sed-interiors.com\/en\/wp-json\/wp\/v2\/comments?post=1045"}],"version-history":[{"count":7,"href":"https:\/\/sed-interiors.com\/en\/wp-json\/wp\/v2\/pages\/1045\/revisions"}],"predecessor-version":[{"id":2334,"href":"https:\/\/sed-interiors.com\/en\/wp-json\/wp\/v2\/pages\/1045\/revisions\/2334"}],"wp:attachment":[{"href":"https:\/\/sed-interiors.com\/en\/wp-json\/wp\/v2\/media?parent=1045"}],"curies":[{"name":"wp","href":"https:\/\/api.w.org\/{rel}","templated":true}]}}