{"id":1040,"date":"2023-01-30T11:20:41","date_gmt":"2023-01-30T10:20:41","guid":{"rendered":"https:\/\/sed-interiors.com\/?page_id=1040"},"modified":"2023-02-02T13:27:33","modified_gmt":"2023-02-02T12:27:33","slug":"legal-notice","status":"publish","type":"page","link":"https:\/\/sed-interiors.com\/en\/legal-notice\/","title":{"rendered":"Terms of use"},"content":{"rendered":"<div id=\"fws_69fdda694db63\"  data-column-margin=\"default\" data-midnight=\"dark\" data-top-percent=\"6%\" data-bottom-percent=\"6%\"  class=\"wpb_row vc_row-fluid vc_row full-width-section has-row-bg-color  right_padding_10pct left_padding_10pct\"  style=\"padding-top: calc(100vw * 0.06); padding-bottom: calc(100vw * 0.06); --row-bg-color: #212529;\"><div class=\"row-bg-wrap\" data-bg-animation=\"none\" data-bg-animation-delay=\"\" data-bg-overlay=\"false\"><div class=\"inner-wrap row-bg-layer\" ><div class=\"row-bg viewport-desktop using-bg-color\"  style=\"background-color: #212529; \"><\/div><\/div><\/div><div class=\"row_col_wrap_12 col span_12 dark left\">\n\t<div style=\" color: #ffffff;\" class=\"vc_col-sm-12 wpb_column column_container vc_column_container col no-extra-padding inherit_tablet inherit_phone\" data-cfc=\"true\"  data-padding-pos=\"all\" data-has-bg-color=\"false\" data-bg-color=\"\" data-bg-opacity=\"1\" data-animation=\"\" data-delay=\"0\" >\n\t\t<div class=\"vc_column-inner\" >\n\t\t\t<div class=\"wpb_wrapper\">\n\t\t\t\t\n<div class=\"wpb_text_column wpb_content_element\" >\n\t<h1 class=\"wp-block-heading\" style=\"text-align: center;\">Terms of use<\/h1>\n<h3>\u00a0<\/h3>\n<p>This site is the property of S\u00e9bastien Deguilly, whose company Sed Interiors is located in Bonne.<\/p>\n<p>Site design and production :\u00a0<a href=\"http:\/\/jeremy-dumas.fr\/\" target=\"_blank\" rel=\"noreferrer noopener\">Appiweb<\/a><\/p>\n<p>Responsible for publication :<\/p>\n<p>S\u00e9bastien Deguilly<br \/>361 Avenue du L\u00e9man,<br \/>74380 Bonne<br \/>France<\/p>\n<p>+ 33 (0)6 08 03 30 63 - contact@sed-interiors.com<\/p>\n<p>Registered with the R\u00e9pertoire des Etablissements RCS Thonon-les-Bains, under SIRET number 90062248100019<\/p>\n<p>The publisher of this site undertakes to comply with all laws in force concerning the establishment and operation of an Internet site. Corsica Porticcio informs you that all current laws and regulations are applicable to the Internet.<\/p>\n<p>Le site <a href=\"http:\/\/sed-interiors.com\/en\/\">sed-interiors.com<\/a>\u00a0is hosted by\u00a0<a href=\"https:\/\/www.ovh.com\/\" target=\"_blank\" rel=\"noreferrer noopener\">OVH.<\/a><\/p>\n<p>The user of the \u00a0<a href=\"http:\/\/sed-interiors.com\/en\/\">sed-interiors.com<\/a>\u00a0acknowledges having the necessary skills and means to access and use this site. The user also acknowledges having checked that the computer configuration used is virus-free and in perfect working order. Finally, the user also acknowledges having read the present legal notice and undertakes to comply with it.<\/p>\n<p>All site users \u00a0<a href=\"http:\/\/sed-interiors.com\/en\/\">sed-interiors.com<\/a>\u00a0is required to comply with the provisions of the French Data Protection Act of January 6, 1978, the violation of which is punishable by law.<\/p>\n<hr class=\"wp-block-separator has-alpha-channel-opacity is-style-dots\" \/>\n<h3>Privacy policy<\/h3>\n<p>In any case, the data collected on the site \u00a0<a href=\"http:\/\/sed-interiors.com\/en\/\">sed-interiors.com<\/a>\u00a0will not be transferred or sold to third parties. No e-mail addresses will be passed on to third parties, including our partners, without the written consent of the parties concerned. Data collected via the contact form is for the exclusive use of the person responsible for <a href=\"http:\/\/sed-interiors.com\/en\/\">sed-interiors.com<\/a> in order to contact you and are not used for marketing purposes.<\/p>\n<p>Pursuant to Regulation No. 2016\/679, known as the General Data Protection Regulation (GDPR), the User has the right to access, rectify, delete and object to his or her personal data. The User exercises this right via:<\/p>\n<ul>\n<li><a href=\"\/en\/contact\/\" data-type=\"URL\" data-id=\"\/contact\/\">a contact form<\/a><\/li>\n<li>by e-mail to <a href=\"mailto:contact@sed-interiors.com\">contact@sed-interiors.com<\/a><\/li>\n<\/ul>\n<p>Data stored for no more than 3 years<\/p>\n<hr class=\"wp-block-separator has-alpha-channel-opacity is-style-dots\" \/>\n<h3>Cookies<\/h3>\n<p><a href=\"https:\/\/corsica-porticcio.com\/\">\u00a0<\/a><a href=\"http:\/\/sed-interiors.com\/en\/\">sed-interiors.com<\/a>\u00a0uses cookies to improve your browsing experience and analyze website traffic (via Google Analytics services).<\/p>\n<p><a>Click here to change your cookie preferences<\/a><\/p>\n<p>You can disable cookies by going to your browser options. Click on the link for your browser to find out how:<\/p>\n<ul>\n<li><a href=\"https:\/\/support.google.com\/chrome\/answer\/95647?hl=fr\">Google Chrome<\/a><\/li>\n<li><a href=\"https:\/\/support.mozilla.org\/fr\/kb\/activer-desactiver-cookies\">Mozilla Firefox<\/a><\/li>\n<li><a href=\"http:\/\/support.apple.com\/kb\/PH17191?viewlocale=fr_FR&amp;locale=en_US\">Safari<\/a><\/li>\n<li><a href=\"http:\/\/help.opera.com\/Windows\/10.20\/fr\/cookies.html\">Opera<\/a><\/li>\n<li><a href=\"http:\/\/windows.microsoft.com\/fr-fr\/internet-explorer\/delete-manage-cookies#ie=ie-11\">Internet Explorer<\/a><\/li>\n<\/ul>\n<p><a href=\"javascript:openAxeptioCookies()\"><br \/>\n  Click here to change your cookie preferences<br \/>\n<\/a><\/p>\n<\/div>\n\n\n\n\n\t\t\t<\/div> \n\t\t<\/div>\n\t<\/div> \n<\/div><\/div>","protected":false},"excerpt":{"rendered":"Mentions l\u00e9gales \u00a0 Le pr\u00e9sent site est la propri\u00e9t\u00e9 de S\u00e9bastien Deguilly dont la soci\u00e9t\u00e9 Sed Interiors se situe \u00e0 Bonne. Conception et r\u00e9alisation du site :\u00a0Appiweb Responsable publication :...","protected":false},"author":1,"featured_media":0,"parent":0,"menu_order":0,"comment_status":"closed","ping_status":"open","template":"","meta":{"_joinchat":[],"footnotes":""},"class_list":["post-1040","page","type-page","status-publish"],"yoast_head":"<!-- This site is optimized with the Yoast SEO plugin v26.8 - https:\/\/yoast.com\/product\/yoast-seo-wordpress\/ -->\n<title>Mentions l\u00e9gales - Sed&#039;Interiors<\/title>\n<meta name=\"robots\" content=\"index, follow, max-snippet:-1, max-image-preview:large, max-video-preview:-1\" \/>\n<link rel=\"canonical\" href=\"https:\/\/sed-interiors.com\/en\/legal-notice\/\" \/>\n<meta property=\"og:locale\" content=\"en_US\" \/>\n<meta property=\"og:type\" content=\"article\" \/>\n<meta property=\"og:title\" content=\"Mentions l\u00e9gales - Sed&#039;Interiors\" \/>\n<meta property=\"og:url\" content=\"https:\/\/sed-interiors.com\/en\/legal-notice\/\" \/>\n<meta property=\"og:site_name\" content=\"Sed&#039;Interiors\" \/>\n<meta property=\"article:publisher\" content=\"https:\/\/www.facebook.com\/sebastien.deguilly\" \/>\n<meta property=\"article:modified_time\" content=\"2023-02-02T12:27:33+00:00\" \/>\n<meta name=\"twitter:card\" content=\"summary_large_image\" \/>\n<meta name=\"twitter:label1\" content=\"Est. reading time\" \/>\n\t<meta name=\"twitter:data1\" content=\"3 minutes\" \/>\n<script type=\"application\/ld+json\" class=\"yoast-schema-graph\">{\"@context\":\"https:\/\/schema.org\",\"@graph\":[{\"@type\":\"WebPage\",\"@id\":\"https:\/\/sed-interiors.com\/mentions-legales\/\",\"url\":\"https:\/\/sed-interiors.com\/mentions-legales\/\",\"name\":\"Mentions l\u00e9gales - Sed&#039;Interiors\",\"isPartOf\":{\"@id\":\"https:\/\/sed-interiors.com\/#website\"},\"datePublished\":\"2023-01-30T10:20:41+00:00\",\"dateModified\":\"2023-02-02T12:27:33+00:00\",\"breadcrumb\":{\"@id\":\"https:\/\/sed-interiors.com\/mentions-legales\/#breadcrumb\"},\"inLanguage\":\"en-US\",\"potentialAction\":[{\"@type\":\"ReadAction\",\"target\":[\"https:\/\/sed-interiors.com\/mentions-legales\/\"]}]},{\"@type\":\"BreadcrumbList\",\"@id\":\"https:\/\/sed-interiors.com\/mentions-legales\/#breadcrumb\",\"itemListElement\":[{\"@type\":\"ListItem\",\"position\":1,\"name\":\"Accueil\",\"item\":\"https:\/\/sed-interiors.com\/\"},{\"@type\":\"ListItem\",\"position\":2,\"name\":\"Mentions l\u00e9gales\"}]},{\"@type\":\"WebSite\",\"@id\":\"https:\/\/sed-interiors.com\/#website\",\"url\":\"https:\/\/sed-interiors.com\/\",\"name\":\"Sed'Interiors\",\"description\":\"Cuisines &amp; am\u00e9nagements\",\"publisher\":{\"@id\":\"https:\/\/sed-interiors.com\/#organization\"},\"potentialAction\":[{\"@type\":\"SearchAction\",\"target\":{\"@type\":\"EntryPoint\",\"urlTemplate\":\"https:\/\/sed-interiors.com\/?s={search_term_string}\"},\"query-input\":{\"@type\":\"PropertyValueSpecification\",\"valueRequired\":true,\"valueName\":\"search_term_string\"}}],\"inLanguage\":\"en-US\"},{\"@type\":\"Organization\",\"@id\":\"https:\/\/sed-interiors.com\/#organization\",\"name\":\"Sed'Interiors\",\"url\":\"https:\/\/sed-interiors.com\/\",\"logo\":{\"@type\":\"ImageObject\",\"inLanguage\":\"en-US\",\"@id\":\"https:\/\/sed-interiors.com\/#\/schema\/logo\/image\/\",\"url\":\"https:\/\/sed-interiors.com\/wp-content\/uploads\/2022\/11\/LogoSedInteriors-Gris-retina.png\",\"contentUrl\":\"https:\/\/sed-interiors.com\/wp-content\/uploads\/2022\/11\/LogoSedInteriors-Gris-retina.png\",\"width\":600,\"height\":161,\"caption\":\"Sed'Interiors\"},\"image\":{\"@id\":\"https:\/\/sed-interiors.com\/#\/schema\/logo\/image\/\"},\"sameAs\":[\"https:\/\/www.facebook.com\/sebastien.deguilly\",\"https:\/\/www.instagram.com\/sedinteriors\/\"]}]}<\/script>\n<!-- \/ Yoast SEO plugin. -->","yoast_head_json":{"title":"Legal information - Sed'Interiors","robots":{"index":"index","follow":"follow","max-snippet":"max-snippet:-1","max-image-preview":"max-image-preview:large","max-video-preview":"max-video-preview:-1"},"canonical":"https:\/\/sed-interiors.com\/en\/legal-notice\/","og_locale":"en_US","og_type":"article","og_title":"Mentions l\u00e9gales - Sed&#039;Interiors","og_url":"https:\/\/sed-interiors.com\/en\/legal-notice\/","og_site_name":"Sed&#039;Interiors","article_publisher":"https:\/\/www.facebook.com\/sebastien.deguilly","article_modified_time":"2023-02-02T12:27:33+00:00","twitter_card":"summary_large_image","twitter_misc":{"Est. reading time":"3 minutes"},"schema":{"@context":"https:\/\/schema.org","@graph":[{"@type":"WebPage","@id":"https:\/\/sed-interiors.com\/mentions-legales\/","url":"https:\/\/sed-interiors.com\/mentions-legales\/","name":"Legal information - Sed'Interiors","isPartOf":{"@id":"https:\/\/sed-interiors.com\/#website"},"datePublished":"2023-01-30T10:20:41+00:00","dateModified":"2023-02-02T12:27:33+00:00","breadcrumb":{"@id":"https:\/\/sed-interiors.com\/mentions-legales\/#breadcrumb"},"inLanguage":"en-US","potentialAction":[{"@type":"ReadAction","target":["https:\/\/sed-interiors.com\/mentions-legales\/"]}]},{"@type":"BreadcrumbList","@id":"https:\/\/sed-interiors.com\/mentions-legales\/#breadcrumb","itemListElement":[{"@type":"ListItem","position":1,"name":"Accueil","item":"https:\/\/sed-interiors.com\/"},{"@type":"ListItem","position":2,"name":"Mentions l\u00e9gales"}]},{"@type":"WebSite","@id":"https:\/\/sed-interiors.com\/#website","url":"https:\/\/sed-interiors.com\/","name":"Sed'Interiors","description":"Kitchens &amp; fittings","publisher":{"@id":"https:\/\/sed-interiors.com\/#organization"},"potentialAction":[{"@type":"SearchAction","target":{"@type":"EntryPoint","urlTemplate":"https:\/\/sed-interiors.com\/?s={search_term_string}"},"query-input":{"@type":"PropertyValueSpecification","valueRequired":true,"valueName":"search_term_string"}}],"inLanguage":"en-US"},{"@type":"Organization","@id":"https:\/\/sed-interiors.com\/#organization","name":"Sed'Interiors","url":"https:\/\/sed-interiors.com\/","logo":{"@type":"ImageObject","inLanguage":"en-US","@id":"https:\/\/sed-interiors.com\/#\/schema\/logo\/image\/","url":"https:\/\/sed-interiors.com\/wp-content\/uploads\/2022\/11\/LogoSedInteriors-Gris-retina.png","contentUrl":"https:\/\/sed-interiors.com\/wp-content\/uploads\/2022\/11\/LogoSedInteriors-Gris-retina.png","width":600,"height":161,"caption":"Sed'Interiors"},"image":{"@id":"https:\/\/sed-interiors.com\/#\/schema\/logo\/image\/"},"sameAs":["https:\/\/www.facebook.com\/sebastien.deguilly","https:\/\/www.instagram.com\/sedinteriors\/"]}]}},"_links":{"self":[{"href":"https:\/\/sed-interiors.com\/en\/wp-json\/wp\/v2\/pages\/1040","targetHints":{"allow":["GET"]}}],"collection":[{"href":"https:\/\/sed-interiors.com\/en\/wp-json\/wp\/v2\/pages"}],"about":[{"href":"https:\/\/sed-interiors.com\/en\/wp-json\/wp\/v2\/types\/page"}],"author":[{"embeddable":true,"href":"https:\/\/sed-interiors.com\/en\/wp-json\/wp\/v2\/users\/1"}],"replies":[{"embeddable":true,"href":"https:\/\/sed-interiors.com\/en\/wp-json\/wp\/v2\/comments?post=1040"}],"version-history":[{"count":5,"href":"https:\/\/sed-interiors.com\/en\/wp-json\/wp\/v2\/pages\/1040\/revisions"}],"predecessor-version":[{"id":1175,"href":"https:\/\/sed-interiors.com\/en\/wp-json\/wp\/v2\/pages\/1040\/revisions\/1175"}],"wp:attachment":[{"href":"https:\/\/sed-interiors.com\/en\/wp-json\/wp\/v2\/media?parent=1040"}],"curies":[{"name":"wp","href":"https:\/\/api.w.org\/{rel}","templated":true}]}}